{"id":4313,"date":"2024-09-09T15:28:20","date_gmt":"2024-09-09T13:28:20","guid":{"rendered":"https:\/\/www.kalfon-medical.co.il\/%d7%aa%d7%a0%d7%90%d7%99-%d7%a8%d7%9b%d7%99%d7%a9%d7%94\/"},"modified":"2024-09-09T16:10:12","modified_gmt":"2024-09-09T14:10:12","slug":"conditions-dachat","status":"publish","type":"page","link":"https:\/\/www.kalfon2.awebdesign4u.com\/fr\/conditions-dachat\/","title":{"rendered":"Conditions d&#8217;achat"},"content":{"rendered":"\t\t<div data-elementor-type=\"wp-page\" data-elementor-id=\"4313\" class=\"elementor elementor-4313 elementor-4308\">\n\t\t\t\t<div class=\"elementor-element elementor-element-43e5e1c e-flex e-con-boxed e-con e-parent\" data-id=\"43e5e1c\" data-element_type=\"container\" data-settings=\"{&quot;jet_parallax_layout_list&quot;:[]}\">\n\t\t\t\t\t<div class=\"e-con-inner\">\n\t\t\t\t<div class=\"elementor-element elementor-element-d1a6d70 elementor-widget elementor-widget-text-editor\" data-id=\"d1a6d70\" data-element_type=\"widget\" data-widget_type=\"text-editor.default\">\n\t\t\t\t<div class=\"elementor-widget-container\">\n\t\t\t\t\t\t\t\t\t<p>Commande avec retrait sur place : gratuit.<br \/>Commande jusqu&#8217;\u00e0 499 \u20aa, livraison par messagerie de porte \u00e0 porte : 50 \u20aa.<br \/>Commande de 500 \u20aa ou plus : pas de frais de livraison. Cela n&#8217;inclut pas la livraison et l&#8217;assemblage d&#8217;articles volumineux n\u00e9cessitant une livraison sp\u00e9ciale comme des poussettes, des lits, des fauteuils, etc. Ceux-ci seront factur\u00e9s 290 \u20aa.<\/p>\t\t\t\t\t\t\t\t<\/div>\n\t\t\t\t<\/div>\n\t\t\t\t\t<\/div>\n\t\t\t\t<\/div>\n\t\t<div class=\"elementor-element elementor-element-6d66418 e-flex e-con-boxed e-con e-parent\" data-id=\"6d66418\" data-element_type=\"container\" data-settings=\"{&quot;jet_parallax_layout_list&quot;:[]}\">\n\t\t\t\t\t<div class=\"e-con-inner\">\n\t\t\t\t<div class=\"elementor-element elementor-element-e365c87 elementor-widget elementor-widget-heading\" data-id=\"e365c87\" data-element_type=\"widget\" data-widget_type=\"heading.default\">\n\t\t\t\t<div class=\"elementor-widget-container\">\n\t\t\t\t\t<h2 class=\"elementor-heading-title elementor-size-default\">Paiements :<\/h2>\t\t\t\t<\/div>\n\t\t\t\t<\/div>\n\t\t\t\t<div class=\"elementor-element elementor-element-5ef81ad elementor-widget elementor-widget-text-editor\" data-id=\"5ef81ad\" data-element_type=\"widget\" data-widget_type=\"text-editor.default\">\n\t\t\t\t<div class=\"elementor-widget-container\">\n\t\t\t\t\t\t\t\t\t<ul>\n \t<li>Montant minimum de 150 \u20aa par paiement.<\/li>\n \t<li>Jusqu&#8217;\u00e0 3 paiements.<\/li>\n \t<li>Sans int\u00e9r\u00eats et sans indexation.<\/li>\n \n<\/ul>\t\t\t\t\t\t\t\t<\/div>\n\t\t\t\t<\/div>\n\t\t\t\t\t<\/div>\n\t\t\t\t<\/div>\n\t\t<div class=\"elementor-element elementor-element-79b031f e-flex e-con-boxed e-con e-parent\" data-id=\"79b031f\" data-element_type=\"container\" data-settings=\"{&quot;jet_parallax_layout_list&quot;:[]}\">\n\t\t\t\t\t<div class=\"e-con-inner\">\n\t\t\t\t<div class=\"elementor-element elementor-element-7f9c11b elementor-widget elementor-widget-heading\" data-id=\"7f9c11b\" data-element_type=\"widget\" data-widget_type=\"heading.default\">\n\t\t\t\t<div class=\"elementor-widget-container\">\n\t\t\t\t\t<h2 class=\"elementor-heading-title elementor-size-default\">Cartes de cr\u00e9dit :<\/h2>\t\t\t\t<\/div>\n\t\t\t\t<\/div>\n\t\t\t\t<div class=\"elementor-element elementor-element-0da31a1 elementor-widget elementor-widget-text-editor\" data-id=\"0da31a1\" data-element_type=\"widget\" data-widget_type=\"text-editor.default\">\n\t\t\t\t<div class=\"elementor-widget-container\">\n\t\t\t\t\t\t\t\t\t<p>Les cartes de cr\u00e9dit American Express ne sont pas accept\u00e9es.<\/p>\t\t\t\t\t\t\t\t<\/div>\n\t\t\t\t<\/div>\n\t\t\t\t\t<\/div>\n\t\t\t\t<\/div>\n\t\t<div class=\"elementor-element elementor-element-1b77739 e-flex e-con-boxed e-con e-parent\" data-id=\"1b77739\" data-element_type=\"container\" data-settings=\"{&quot;jet_parallax_layout_list&quot;:[]}\">\n\t\t\t\t\t<div class=\"e-con-inner\">\n\t\t\t\t<div class=\"elementor-element elementor-element-62ece75 elementor-widget elementor-widget-heading\" data-id=\"62ece75\" data-element_type=\"widget\" data-widget_type=\"heading.default\">\n\t\t\t\t<div class=\"elementor-widget-container\">\n\t\t\t\t\t<h2 class=\"elementor-heading-title elementor-size-default\">D\u00e9lai de livraison :<\/h2>\t\t\t\t<\/div>\n\t\t\t\t<\/div>\n\t\t\t\t<div class=\"elementor-element elementor-element-fe11290 elementor-widget elementor-widget-text-editor\" data-id=\"fe11290\" data-element_type=\"widget\" data-widget_type=\"text-editor.default\">\n\t\t\t\t<div class=\"elementor-widget-container\">\n\t\t\t\t\t\t\t\t\tJusqu&#8217;\u00e0 10 jours ouvrables. Les jours f\u00e9ri\u00e9s, les veilles de f\u00eates, les vendredis et les jours de demi-f\u00eate ne sont pas compt\u00e9s dans les jours ouvrables.\t\t\t\t\t\t\t\t<\/div>\n\t\t\t\t<\/div>\n\t\t\t\t\t<\/div>\n\t\t\t\t<\/div>\n\t\t<div class=\"elementor-element elementor-element-0b84888 e-flex e-con-boxed e-con e-parent\" data-id=\"0b84888\" data-element_type=\"container\" data-settings=\"{&quot;jet_parallax_layout_list&quot;:[]}\">\n\t\t\t\t\t<div class=\"e-con-inner\">\n\t\t\t\t<div class=\"elementor-element elementor-element-cdc5d8b elementor-widget elementor-widget-heading\" data-id=\"cdc5d8b\" data-element_type=\"widget\" data-widget_type=\"heading.default\">\n\t\t\t\t<div class=\"elementor-widget-container\">\n\t\t\t\t\t<h2 class=\"elementor-heading-title elementor-size-default\">Modifications et am\u00e9liorations des produits :<\/h2>\t\t\t\t<\/div>\n\t\t\t\t<\/div>\n\t\t\t\t<div class=\"elementor-element elementor-element-8532768 elementor-widget elementor-widget-text-editor\" data-id=\"8532768\" data-element_type=\"widget\" data-widget_type=\"text-editor.default\">\n\t\t\t\t<div class=\"elementor-widget-container\">\n\t\t\t\t\t\t\t\t\tToute modification, adaptation, am\u00e9lioration ou demande sp\u00e9ciale concernant les produits au-del\u00e0 des sp\u00e9cifications standards publi\u00e9es sur le site entra\u00eenera des frais suppl\u00e9mentaires selon la nature de la demande, y compris : sur\u00e9l\u00e9vation de la t\u00eate, approfondissement du si\u00e8ge, remplacement des repose-pieds, ajout d&#8217;un m\u00e9canisme anti-basculement, extension des freins, am\u00e9lioration pour une propulsion autonome, connexion \u00e0 une bouteille d&#8217;oxyg\u00e8ne.\nIl ne sera pas possible de retourner un produit sp\u00e9cialement adapt\u00e9 \u00e0 la demande du client.\n\t\t\t\t\t\t\t\t<\/div>\n\t\t\t\t<\/div>\n\t\t\t\t\t<\/div>\n\t\t\t\t<\/div>\n\t\t<div class=\"elementor-element elementor-element-dc3071a e-flex e-con-boxed e-con e-parent\" data-id=\"dc3071a\" data-element_type=\"container\" data-settings=\"{&quot;jet_parallax_layout_list&quot;:[]}\">\n\t\t\t\t\t<div class=\"e-con-inner\">\n\t\t\t\t<div class=\"elementor-element elementor-element-6d76442 elementor-widget elementor-widget-heading\" data-id=\"6d76442\" data-element_type=\"widget\" data-widget_type=\"heading.default\">\n\t\t\t\t<div class=\"elementor-widget-container\">\n\t\t\t\t\t<h2 class=\"elementor-heading-title elementor-size-default\">Service apr\u00e8s-vente :<\/h2>\t\t\t\t<\/div>\n\t\t\t\t<\/div>\n\t\t\t\t<div class=\"elementor-element elementor-element-d138acc elementor-widget elementor-widget-text-editor\" data-id=\"d138acc\" data-element_type=\"widget\" data-widget_type=\"text-editor.default\">\n\t\t\t\t<div class=\"elementor-widget-container\">\n\t\t\t\t\t\t\t\t\t<p>La garantie sur tous les produits est d&#8217;un an, sauf indication contraire sur la page du produit.<br \/>L&#8217;entreprise fournira un service pour les produits pendant la p\u00e9riode de garantie. Le service sera effectu\u00e9 dans l&#8217;atelier de service situ\u00e9 au 58 rue Rothschild \u00e0 Kfar Saba. Il est de la responsabilit\u00e9 du client d&#8217;apporter le produit \u00e0 l&#8217;atelier m\u00eame pendant la p\u00e9riode de garantie. Si le client choisit que l&#8217;entreprise envoie un technicien \u00e0 son domicile, le client devra payer 200 \u20aa pour la visite du technicien, ind\u00e9pendamment de la p\u00e9riode de garantie. Ce montant ne concerne pas les pi\u00e8ces de rechange si le produit n&#8217;est plus sous garantie.<br \/>Cette clause ne s&#8217;applique pas aux produits volumineux et lourds qui ne peuvent pas \u00eatre apport\u00e9s \u00e0 l&#8217;atelier, tels que des grues, des lits, des fauteuils, des fauteuils roulants inclinables, des chaises de douche inclinables.<br \/>L&#8217;entreprise peut fournir au client un produit de remplacement si elle n&#8217;est pas en mesure de r\u00e9parer le produit sur place.<br \/>L&#8217;entreprise ne s&#8217;engage pas \u00e0 effectuer des r\u00e9parations pour des produits qui n&#8217;ont pas \u00e9t\u00e9 achet\u00e9s via elle.<br \/>Si le client a achet\u00e9 le produit par l&#8217;interm\u00e9diaire d&#8217;un revendeur ou d&#8217;un tiers, il doit se tourner vers l&#8217;entit\u00e9 aupr\u00e8s de laquelle il a achet\u00e9 le produit pour obtenir un service.<\/p>\t\t\t\t\t\t\t\t<\/div>\n\t\t\t\t<\/div>\n\t\t\t\t\t<\/div>\n\t\t\t\t<\/div>\n\t\t<div class=\"elementor-element elementor-element-d993f1d e-flex e-con-boxed e-con e-parent\" data-id=\"d993f1d\" data-element_type=\"container\" data-settings=\"{&quot;jet_parallax_layout_list&quot;:[]}\">\n\t\t\t\t\t<div class=\"e-con-inner\">\n\t\t\t\t<div class=\"elementor-element elementor-element-c023e7d elementor-widget elementor-widget-heading\" data-id=\"c023e7d\" data-element_type=\"widget\" data-widget_type=\"heading.default\">\n\t\t\t\t<div class=\"elementor-widget-container\">\n\t\t\t\t\t<h2 class=\"elementor-heading-title elementor-size-default\">Politique de retour des produits :<\/h2>\t\t\t\t<\/div>\n\t\t\t\t<\/div>\n\t\t\t\t<div class=\"elementor-element elementor-element-de89798 elementor-widget elementor-widget-text-editor\" data-id=\"de89798\" data-element_type=\"widget\" data-widget_type=\"text-editor.default\">\n\t\t\t\t<div class=\"elementor-widget-container\">\n\t\t\t\t\t\t\t\t\tLe retour du produit sera possible jusqu&#8217;\u00e0 14 jours \u00e0 compter de la r\u00e9ception du produit ou du document r\u00e9sumant les d\u00e9tails de la transaction, selon la date la plus tardive, pour obtenir un remboursement complet si le produit est retourn\u00e9 sans d\u00e9t\u00e9rioration notable et dans son emballage d&#8217;origine. Cette clause ne s&#8217;applique pas aux meubles \u00e9lectriques qui ont \u00e9t\u00e9 assembl\u00e9s chez le client et utilis\u00e9s, tels que des lits de soins, des fauteuils releveurs, etc.\nUn remboursement sera accord\u00e9 uniquement si le produit co\u00fbte plus de 50 \u20aa. Le remboursement ne sera pas complet, et le client devra payer des frais d&#8217;annulation de 5% du co\u00fbt du produit ou 100 \u20aa \u2013 selon le plus bas des deux.\nTransactions par carte de cr\u00e9dit \u2013 des frais d&#8217;annulation suppl\u00e9mentaires peuvent s&#8217;appliquer en raison de frais de traitement allant jusqu&#8217;\u00e0 2,5% en plus des frais d&#8217;annulation mentionn\u00e9s ci-dessus.\nSi l&#8217;entreprise doit r\u00e9cup\u00e9rer le produit, le client sera factur\u00e9 des frais de livraison suppl\u00e9mentaires, en fonction du volume du produit, de son emplacement et de l&#8217;\u00e9tage. Dans ce cas, le remboursement sera effectu\u00e9 apr\u00e8s v\u00e9rification de l&#8217;int\u00e9grit\u00e9 du produit, au plus tard 5 jours ouvrables apr\u00e8s. Il n&#8217;est pas possible de retourner des produits qui ont \u00e9t\u00e9 utilis\u00e9s ou qui ont \u00e9t\u00e9 fabriqu\u00e9s ou achet\u00e9s sp\u00e9cialement pour le client, selon ses dimensions ou ses demandes sp\u00e9ciales.\nUn client qui a command\u00e9 des biens n\u00e9cessitant une commande aupr\u00e8s d&#8217;un fournisseur \u00e0 l&#8217;\u00e9tranger n&#8217;aura pas le droit d&#8217;annuler la commande si la demande d&#8217;annulation est faite apr\u00e8s l&#8217;\u00e9mission de la commande d&#8217;achat ou la confirmation de commande par le fabricant\/fournisseur.\nAucun retour possible pour les produits d&#8217;hygi\u00e8ne tels que des chaises de douche, des rehausseurs de toilettes, des tabourets de douche, etc.\n\t\t\t\t\t\t\t\t<\/div>\n\t\t\t\t<\/div>\n\t\t\t\t\t<\/div>\n\t\t\t\t<\/div>\n\t\t<div class=\"elementor-element elementor-element-18234f6 e-flex e-con-boxed e-con e-parent\" data-id=\"18234f6\" data-element_type=\"container\" data-settings=\"{&quot;jet_parallax_layout_list&quot;:[]}\">\n\t\t\t\t\t<div class=\"e-con-inner\">\n\t\t\t\t<div class=\"elementor-element elementor-element-274d9e6 elementor-widget elementor-widget-heading\" data-id=\"274d9e6\" data-element_type=\"widget\" data-widget_type=\"heading.default\">\n\t\t\t\t<div class=\"elementor-widget-container\">\n\t\t\t\t\t<h2 class=\"elementor-heading-title elementor-size-default\">Livraison et assemblage :<\/h2>\t\t\t\t<\/div>\n\t\t\t\t<\/div>\n\t\t\t\t<div class=\"elementor-element elementor-element-ab0c792 elementor-widget elementor-widget-text-editor\" data-id=\"ab0c792\" data-element_type=\"widget\" data-widget_type=\"text-editor.default\">\n\t\t\t\t<div class=\"elementor-widget-container\">\n\t\t\t\t\t\t\t\t\tProduits n\u00e9cessitant une livraison et\/ou un assemblage par l&#8217;entreprise : lits de soins, grues, fauteuils releveurs et g\u00e9riatriques, fauteuils roulants inclinables &#8220;Tilt-in-Space&#8221;, scooters, chaises de douche inclinables, trap\u00e8ze pour lit.\nCela n&#8217;inclut pas les exceptions suivantes :\nEntre Hadera et Gedera \u2013 frais de livraison et d&#8217;assemblage 200 \u20aa.\nAu nord de Hadera \/ au sud de Gedera \u2013 frais de livraison et d&#8217;assemblage 250 \u20aa et livraison sous 14 jours ouvrables.\nAu nord de Nahariya \/ au sud de Beer-Sheva \u2013 frais de livraison et d&#8217;assemblage 450 \u20aa et livraison sous 14 jours ouvrables.\nEilat, Arava, villages de la mer Morte, au nord d&#8217;Afula \u2013 frais de livraison et d&#8217;assemblage 750 \u20aa et livraison sous 14 jours ouvrables.\nPour les b\u00e2timents sans ascenseur, il y aura un suppl\u00e9ment de 250 \u20aa par \u00e9tage pour les \u00e9tages 2 et plus.\nSi le client a achet\u00e9 le produit lors de la d\u00e9monstration, il ne sera pas factur\u00e9 de frais de livraison suppl\u00e9mentaires.\n\t\t\t\t\t\t\t\t<\/div>\n\t\t\t\t<\/div>\n\t\t\t\t\t<\/div>\n\t\t\t\t<\/div>\n\t\t<div class=\"elementor-element elementor-element-223f9de e-flex e-con-boxed e-con e-parent\" data-id=\"223f9de\" data-element_type=\"container\" data-settings=\"{&quot;jet_parallax_layout_list&quot;:[]}\">\n\t\t\t\t\t<div class=\"e-con-inner\">\n\t\t\t\t<div class=\"elementor-element elementor-element-a36dd4e elementor-widget elementor-widget-heading\" data-id=\"a36dd4e\" data-element_type=\"widget\" data-widget_type=\"heading.default\">\n\t\t\t\t<div class=\"elementor-widget-container\">\n\t\t\t\t\t<h2 class=\"elementor-heading-title elementor-size-default\">D\u00e9monstrations \u00e0 domicile :<\/h2>\t\t\t\t<\/div>\n\t\t\t\t<\/div>\n\t\t\t\t<div class=\"elementor-element elementor-element-6d1193d elementor-widget elementor-widget-text-editor\" data-id=\"6d1193d\" data-element_type=\"widget\" data-widget_type=\"text-editor.default\">\n\t\t\t\t<div class=\"elementor-widget-container\">\n\t\t\t\t\t\t\t\t\tLes d\u00e9monstrations \u00e0 domicile seront effectu\u00e9es par l&#8217;\u00e9quipe de l&#8217;entreprise moyennant des frais.\nLe paiement sera effectu\u00e9 \u00e0 l&#8217;avance conform\u00e9ment au tarif des d\u00e9monstrations, ci-dessus.\nSi le client ach\u00e8te le produit d\u00e9montr\u00e9, le prix de la d\u00e9monstration sera d\u00e9duit du prix du produit.\n\t\t\t\t\t\t\t\t<\/div>\n\t\t\t\t<\/div>\n\t\t\t\t\t<\/div>\n\t\t\t\t<\/div>\n\t\t<div class=\"elementor-element elementor-element-102fe8f e-flex e-con-boxed e-con e-parent\" data-id=\"102fe8f\" data-element_type=\"container\" data-settings=\"{&quot;jet_parallax_layout_list&quot;:[]}\">\n\t\t\t\t\t<div class=\"e-con-inner\">\n\t\t\t\t<div class=\"elementor-element elementor-element-8abebce elementor-widget elementor-widget-heading\" data-id=\"8abebce\" data-element_type=\"widget\" data-widget_type=\"heading.default\">\n\t\t\t\t<div class=\"elementor-widget-container\">\n\t\t\t\t\t<h2 class=\"elementor-heading-title elementor-size-default\">Tarif des d\u00e9monstrations :<\/h2>\t\t\t\t<\/div>\n\t\t\t\t<\/div>\n\t\t\t\t<div class=\"elementor-element elementor-element-d3b7e29 elementor-widget elementor-widget-text-editor\" data-id=\"d3b7e29\" data-element_type=\"widget\" data-widget_type=\"text-editor.default\">\n\t\t\t\t<div class=\"elementor-widget-container\">\n\t\t\t\t\t\t\t\t\tEntre Hadera et Ashkelon \u2013 250 \u20aa.\nAu sud d&#8217;Ashkelon et jusqu&#8217;\u00e0 Beer-Sheva \u2013 500 \u20aa.\nAu sud de Beer-Sheva jusqu&#8217;\u00e0 Eilat (inclus) \u2013 1 500 \u20aa.\nAu nord de Hadera jusqu&#8217;\u00e0 Nahariya \u2013 750 \u20aa.\nAu nord de Nahariya jusqu&#8217;\u00e0 Metula \u2013 1 000 \u20aa.\n\t\t\t\t\t\t\t\t<\/div>\n\t\t\t\t<\/div>\n\t\t\t\t\t<\/div>\n\t\t\t\t<\/div>\n\t\t\t\t<\/div>\n\t\t","protected":false},"excerpt":{"rendered":"<p>Commande avec retrait sur place : gratuit.Commande jusqu&#8217;\u00e0 499 \u20aa, livraison par messagerie de porte \u00e0 porte : 50 \u20aa.Commande de 500 \u20aa ou plus : pas de frais de livraison. Cela n&#8217;inclut pas la livraison et l&#8217;assemblage d&#8217;articles volumineux n\u00e9cessitant une livraison sp\u00e9ciale comme des poussettes, des lits, des fauteuils, etc. Ceux-ci seront factur\u00e9s [&hellip;]<\/p>\n","protected":false},"author":1,"featured_media":0,"parent":0,"menu_order":0,"comment_status":"closed","ping_status":"closed","template":"","meta":{"footnotes":""},"class_list":["post-4313","page","type-page","status-publish","hentry","_wholesalex wsx-wholesalex-product"],"yoast_head":"<!-- This site is optimized with the Yoast SEO plugin v25.2 - https:\/\/yoast.com\/wordpress\/plugins\/seo\/ -->\n<title>Conditions d&#039;achat - Kalfon Medical Distribution<\/title>\n<meta name=\"robots\" content=\"index, follow, max-snippet:-1, max-image-preview:large, max-video-preview:-1\" \/>\n<link rel=\"canonical\" href=\"https:\/\/www.kalfon2.awebdesign4u.com\/fr\/conditions-dachat\/\" \/>\n<meta property=\"og:locale\" content=\"fr_FR\" \/>\n<meta property=\"og:type\" content=\"article\" \/>\n<meta property=\"og:title\" content=\"Conditions d&#039;achat - Kalfon Medical Distribution\" \/>\n<meta property=\"og:description\" content=\"Commande avec retrait sur place : gratuit.Commande jusqu&#8217;\u00e0 499 \u20aa, livraison par messagerie de porte \u00e0 porte : 50 \u20aa.Commande de 500 \u20aa ou plus : pas de frais de livraison. Cela n&#8217;inclut pas la livraison et l&#8217;assemblage d&#8217;articles volumineux n\u00e9cessitant une livraison sp\u00e9ciale comme des poussettes, des lits, des fauteuils, etc. Ceux-ci seront factur\u00e9s [&hellip;]\" \/>\n<meta property=\"og:url\" content=\"https:\/\/www.kalfon2.awebdesign4u.com\/fr\/conditions-dachat\/\" \/>\n<meta property=\"og:site_name\" content=\"Kalfon Medical Distribution\" \/>\n<meta property=\"article:modified_time\" content=\"2024-09-09T14:10:12+00:00\" \/>\n<meta name=\"twitter:card\" content=\"summary_large_image\" \/>\n<meta name=\"twitter:label1\" content=\"Dur\u00e9e de lecture estim\u00e9e\" \/>\n\t<meta name=\"twitter:data1\" content=\"5 minutes\" \/>\n<script type=\"application\/ld+json\" class=\"yoast-schema-graph\">{\"@context\":\"https:\/\/schema.org\",\"@graph\":[{\"@type\":\"WebPage\",\"@id\":\"https:\/\/www.kalfon2.awebdesign4u.com\/fr\/conditions-dachat\/\",\"url\":\"https:\/\/www.kalfon2.awebdesign4u.com\/fr\/conditions-dachat\/\",\"name\":\"Conditions d'achat - Kalfon Medical Distribution\",\"isPartOf\":{\"@id\":\"http:\/\/www.kalfon-medical.co.il\/#website\"},\"datePublished\":\"2024-09-09T13:28:20+00:00\",\"dateModified\":\"2024-09-09T14:10:12+00:00\",\"breadcrumb\":{\"@id\":\"https:\/\/www.kalfon2.awebdesign4u.com\/fr\/conditions-dachat\/#breadcrumb\"},\"inLanguage\":\"fr-FR\",\"potentialAction\":[{\"@type\":\"ReadAction\",\"target\":[\"https:\/\/www.kalfon2.awebdesign4u.com\/fr\/conditions-dachat\/\"]}]},{\"@type\":\"BreadcrumbList\",\"@id\":\"https:\/\/www.kalfon2.awebdesign4u.com\/fr\/conditions-dachat\/#breadcrumb\",\"itemListElement\":[{\"@type\":\"ListItem\",\"position\":1,\"name\":\"Home\",\"item\":\"https:\/\/www.kalfon-medical.co.il\/fr\/\"},{\"@type\":\"ListItem\",\"position\":2,\"name\":\"Conditions d&#8217;achat\"}]},{\"@type\":\"WebSite\",\"@id\":\"http:\/\/www.kalfon-medical.co.il\/#website\",\"url\":\"http:\/\/www.kalfon-medical.co.il\/\",\"name\":\"Kalfon Medical Distribution\",\"description\":\"Un site utilisant WordPress\",\"potentialAction\":[{\"@type\":\"SearchAction\",\"target\":{\"@type\":\"EntryPoint\",\"urlTemplate\":\"http:\/\/www.kalfon-medical.co.il\/?s={search_term_string}\"},\"query-input\":{\"@type\":\"PropertyValueSpecification\",\"valueRequired\":true,\"valueName\":\"search_term_string\"}}],\"inLanguage\":\"fr-FR\"}]}<\/script>\n<!-- \/ Yoast SEO plugin. -->","yoast_head_json":{"title":"Conditions d'achat - Kalfon Medical Distribution","robots":{"index":"index","follow":"follow","max-snippet":"max-snippet:-1","max-image-preview":"max-image-preview:large","max-video-preview":"max-video-preview:-1"},"canonical":"https:\/\/www.kalfon2.awebdesign4u.com\/fr\/conditions-dachat\/","og_locale":"fr_FR","og_type":"article","og_title":"Conditions d'achat - Kalfon Medical Distribution","og_description":"Commande avec retrait sur place : gratuit.Commande jusqu&#8217;\u00e0 499 \u20aa, livraison par messagerie de porte \u00e0 porte : 50 \u20aa.Commande de 500 \u20aa ou plus : pas de frais de livraison. Cela n&#8217;inclut pas la livraison et l&#8217;assemblage d&#8217;articles volumineux n\u00e9cessitant une livraison sp\u00e9ciale comme des poussettes, des lits, des fauteuils, etc. Ceux-ci seront factur\u00e9s [&hellip;]","og_url":"https:\/\/www.kalfon2.awebdesign4u.com\/fr\/conditions-dachat\/","og_site_name":"Kalfon Medical Distribution","article_modified_time":"2024-09-09T14:10:12+00:00","twitter_card":"summary_large_image","twitter_misc":{"Dur\u00e9e de lecture estim\u00e9e":"5 minutes"},"schema":{"@context":"https:\/\/schema.org","@graph":[{"@type":"WebPage","@id":"https:\/\/www.kalfon2.awebdesign4u.com\/fr\/conditions-dachat\/","url":"https:\/\/www.kalfon2.awebdesign4u.com\/fr\/conditions-dachat\/","name":"Conditions d'achat - Kalfon Medical Distribution","isPartOf":{"@id":"http:\/\/www.kalfon-medical.co.il\/#website"},"datePublished":"2024-09-09T13:28:20+00:00","dateModified":"2024-09-09T14:10:12+00:00","breadcrumb":{"@id":"https:\/\/www.kalfon2.awebdesign4u.com\/fr\/conditions-dachat\/#breadcrumb"},"inLanguage":"fr-FR","potentialAction":[{"@type":"ReadAction","target":["https:\/\/www.kalfon2.awebdesign4u.com\/fr\/conditions-dachat\/"]}]},{"@type":"BreadcrumbList","@id":"https:\/\/www.kalfon2.awebdesign4u.com\/fr\/conditions-dachat\/#breadcrumb","itemListElement":[{"@type":"ListItem","position":1,"name":"Home","item":"https:\/\/www.kalfon-medical.co.il\/fr\/"},{"@type":"ListItem","position":2,"name":"Conditions d&#8217;achat"}]},{"@type":"WebSite","@id":"http:\/\/www.kalfon-medical.co.il\/#website","url":"http:\/\/www.kalfon-medical.co.il\/","name":"Kalfon Medical Distribution","description":"Un site utilisant WordPress","potentialAction":[{"@type":"SearchAction","target":{"@type":"EntryPoint","urlTemplate":"http:\/\/www.kalfon-medical.co.il\/?s={search_term_string}"},"query-input":{"@type":"PropertyValueSpecification","valueRequired":true,"valueName":"search_term_string"}}],"inLanguage":"fr-FR"}]}},"_links":{"self":[{"href":"https:\/\/www.kalfon2.awebdesign4u.com\/fr\/wp-json\/wp\/v2\/pages\/4313","targetHints":{"allow":["GET"]}}],"collection":[{"href":"https:\/\/www.kalfon2.awebdesign4u.com\/fr\/wp-json\/wp\/v2\/pages"}],"about":[{"href":"https:\/\/www.kalfon2.awebdesign4u.com\/fr\/wp-json\/wp\/v2\/types\/page"}],"author":[{"embeddable":true,"href":"https:\/\/www.kalfon2.awebdesign4u.com\/fr\/wp-json\/wp\/v2\/users\/1"}],"replies":[{"embeddable":true,"href":"https:\/\/www.kalfon2.awebdesign4u.com\/fr\/wp-json\/wp\/v2\/comments?post=4313"}],"version-history":[{"count":26,"href":"https:\/\/www.kalfon2.awebdesign4u.com\/fr\/wp-json\/wp\/v2\/pages\/4313\/revisions"}],"predecessor-version":[{"id":4360,"href":"https:\/\/www.kalfon2.awebdesign4u.com\/fr\/wp-json\/wp\/v2\/pages\/4313\/revisions\/4360"}],"wp:attachment":[{"href":"https:\/\/www.kalfon2.awebdesign4u.com\/fr\/wp-json\/wp\/v2\/media?parent=4313"}],"curies":[{"name":"wp","href":"https:\/\/api.w.org\/{rel}","templated":true}]}}