{"id":2317,"date":"2024-07-17T09:20:08","date_gmt":"2024-07-17T07:20:08","guid":{"rendered":"https:\/\/medical2.awebdesign4u.com\/produit\/aircast-airsport\/"},"modified":"2024-07-17T09:20:08","modified_gmt":"2024-07-17T07:20:08","slug":"aircast-airsport","status":"publish","type":"product","link":"https:\/\/www.kalfon2.awebdesign4u.com\/fr\/produit\/aircast-airsport\/","title":{"rendered":"Aircast Airsport +"},"content":{"rendered":"<p>La chevill\u00e8re Airsport Plus est une attelle tr\u00e8s utilis\u00e9e pour la reprise sportive, quand il s&#8217;agit de bien pr\u00e9server le membre suite \u00e0 une entorse assez grave. En effet son syst\u00e8me de maintien, \u00e0 la fois dot\u00e9 de sangles et du syst\u00e8me Boa permet de tr\u00e8s bien ajuster l&#8217;orth\u00e8se autour de la cheville. Assez simple et rapide \u00e0 mettre en place : elle s&#8217;enfile comme une chaussette, on ajuste ensuite les sangles \u00e9lastiques et on finit le serrage gr\u00e2ce au syst\u00e8me Boa. Cette orth\u00e8se saura vous rassurer pour reprendre le sport ou la marche.<\/p>\n","protected":false},"excerpt":{"rendered":"<ul>\n<li>Prevention des entorses de cheville<\/li>\n<li>Reprise du sport apres entorse<\/li>\n<li>Instabilite chronique de la cheville<\/li>\n<\/ul>\n","protected":false},"featured_media":2306,"comment_status":"open","ping_status":"closed","template":"","meta":[],"product_brand":[],"product_cat":[186,74],"product_tag":[],"distributeur-exclusif":[],"marques":[211],"class_list":{"0":"post-2317","1":"product","2":"type-product","3":"status-publish","4":"has-post-thumbnail","6":"product_cat-cheville","7":"product_cat-orthopedie","8":"marques-donjoy","9":"_wholesalex wsx-wholesalex-product","11":"first","12":"instock","13":"taxable","14":"shipping-taxable","15":"purchasable","16":"product-type-variable"},"yoast_head":"<!-- This site is optimized with the Yoast SEO plugin v25.2 - https:\/\/yoast.com\/wordpress\/plugins\/seo\/ -->\n<title>Aircast Airsport + - Kalfon Medical Distribution<\/title>\n<meta name=\"robots\" content=\"index, follow, max-snippet:-1, max-image-preview:large, max-video-preview:-1\" \/>\n<link rel=\"canonical\" href=\"https:\/\/www.kalfon2.awebdesign4u.com\/fr\/produit\/aircast-airsport\/\" \/>\n<meta property=\"og:locale\" content=\"fr_FR\" \/>\n<meta property=\"og:type\" content=\"article\" \/>\n<meta property=\"og:title\" content=\"Aircast Airsport + - Kalfon Medical Distribution\" \/>\n<meta property=\"og:description\" content=\"Prevention des entorses de cheville  Reprise du sport apres entorse  Instabilite chronique de la cheville\" \/>\n<meta property=\"og:url\" content=\"https:\/\/www.kalfon2.awebdesign4u.com\/fr\/produit\/aircast-airsport\/\" \/>\n<meta property=\"og:site_name\" content=\"Kalfon Medical Distribution\" \/>\n<meta property=\"og:image\" content=\"https:\/\/www.kalfon-medical.co.il\/wp-content\/uploads\/2024\/07\/IMG_6371-scaled.jpg\" \/>\n\t<meta property=\"og:image:width\" content=\"1210\" \/>\n\t<meta property=\"og:image:height\" content=\"2560\" \/>\n\t<meta property=\"og:image:type\" content=\"image\/jpeg\" \/>\n<meta name=\"twitter:card\" content=\"summary_large_image\" \/>\n<meta name=\"twitter:label1\" content=\"Dur\u00e9e de lecture estim\u00e9e\" \/>\n\t<meta name=\"twitter:data1\" content=\"1 minute\" \/>\n<script type=\"application\/ld+json\" class=\"yoast-schema-graph\">{\"@context\":\"https:\/\/schema.org\",\"@graph\":[{\"@type\":\"WebPage\",\"@id\":\"https:\/\/www.kalfon2.awebdesign4u.com\/fr\/produit\/aircast-airsport\/\",\"url\":\"https:\/\/www.kalfon2.awebdesign4u.com\/fr\/produit\/aircast-airsport\/\",\"name\":\"Aircast Airsport + - Kalfon Medical Distribution\",\"isPartOf\":{\"@id\":\"http:\/\/www.kalfon-medical.co.il\/#website\"},\"primaryImageOfPage\":{\"@id\":\"https:\/\/www.kalfon2.awebdesign4u.com\/fr\/produit\/aircast-airsport\/#primaryimage\"},\"image\":{\"@id\":\"https:\/\/www.kalfon2.awebdesign4u.com\/fr\/produit\/aircast-airsport\/#primaryimage\"},\"thumbnailUrl\":\"https:\/\/www.kalfon2.awebdesign4u.com\/wp-content\/uploads\/2024\/07\/IMG_6371-scaled.jpg\",\"datePublished\":\"2024-07-17T07:20:08+00:00\",\"breadcrumb\":{\"@id\":\"https:\/\/www.kalfon2.awebdesign4u.com\/fr\/produit\/aircast-airsport\/#breadcrumb\"},\"inLanguage\":\"fr-FR\",\"potentialAction\":[{\"@type\":\"ReadAction\",\"target\":[\"https:\/\/www.kalfon2.awebdesign4u.com\/fr\/produit\/aircast-airsport\/\"]}]},{\"@type\":\"ImageObject\",\"inLanguage\":\"fr-FR\",\"@id\":\"https:\/\/www.kalfon2.awebdesign4u.com\/fr\/produit\/aircast-airsport\/#primaryimage\",\"url\":\"https:\/\/www.kalfon2.awebdesign4u.com\/wp-content\/uploads\/2024\/07\/IMG_6371-scaled.jpg\",\"contentUrl\":\"https:\/\/www.kalfon2.awebdesign4u.com\/wp-content\/uploads\/2024\/07\/IMG_6371-scaled.jpg\",\"width\":1210,\"height\":2560},{\"@type\":\"BreadcrumbList\",\"@id\":\"https:\/\/www.kalfon2.awebdesign4u.com\/fr\/produit\/aircast-airsport\/#breadcrumb\",\"itemListElement\":[{\"@type\":\"ListItem\",\"position\":1,\"name\":\"Home\",\"item\":\"https:\/\/www.kalfon-medical.co.il\/fr\/\"},{\"@type\":\"ListItem\",\"position\":2,\"name\":\"Boutique\",\"item\":\"https:\/\/www.kalfon-medical.co.il\/fr\/boutique\/\"},{\"@type\":\"ListItem\",\"position\":3,\"name\":\"Aircast Airsport +\"}]},{\"@type\":\"WebSite\",\"@id\":\"http:\/\/www.kalfon-medical.co.il\/#website\",\"url\":\"http:\/\/www.kalfon-medical.co.il\/\",\"name\":\"Kalfon Medical Distribution\",\"description\":\"Un site utilisant WordPress\",\"potentialAction\":[{\"@type\":\"SearchAction\",\"target\":{\"@type\":\"EntryPoint\",\"urlTemplate\":\"http:\/\/www.kalfon-medical.co.il\/?s={search_term_string}\"},\"query-input\":{\"@type\":\"PropertyValueSpecification\",\"valueRequired\":true,\"valueName\":\"search_term_string\"}}],\"inLanguage\":\"fr-FR\"}]}<\/script>\n<!-- \/ Yoast SEO plugin. -->","yoast_head_json":{"title":"Aircast Airsport + - Kalfon Medical Distribution","robots":{"index":"index","follow":"follow","max-snippet":"max-snippet:-1","max-image-preview":"max-image-preview:large","max-video-preview":"max-video-preview:-1"},"canonical":"https:\/\/www.kalfon2.awebdesign4u.com\/fr\/produit\/aircast-airsport\/","og_locale":"fr_FR","og_type":"article","og_title":"Aircast Airsport + - Kalfon Medical Distribution","og_description":"Prevention des entorses de cheville  Reprise du sport apres entorse  Instabilite chronique de la cheville","og_url":"https:\/\/www.kalfon2.awebdesign4u.com\/fr\/produit\/aircast-airsport\/","og_site_name":"Kalfon Medical Distribution","og_image":[{"width":1210,"height":2560,"url":"https:\/\/www.kalfon-medical.co.il\/wp-content\/uploads\/2024\/07\/IMG_6371-scaled.jpg","type":"image\/jpeg"}],"twitter_card":"summary_large_image","twitter_misc":{"Dur\u00e9e de lecture estim\u00e9e":"1 minute"},"schema":{"@context":"https:\/\/schema.org","@graph":[{"@type":"WebPage","@id":"https:\/\/www.kalfon2.awebdesign4u.com\/fr\/produit\/aircast-airsport\/","url":"https:\/\/www.kalfon2.awebdesign4u.com\/fr\/produit\/aircast-airsport\/","name":"Aircast Airsport + - Kalfon Medical Distribution","isPartOf":{"@id":"http:\/\/www.kalfon-medical.co.il\/#website"},"primaryImageOfPage":{"@id":"https:\/\/www.kalfon2.awebdesign4u.com\/fr\/produit\/aircast-airsport\/#primaryimage"},"image":{"@id":"https:\/\/www.kalfon2.awebdesign4u.com\/fr\/produit\/aircast-airsport\/#primaryimage"},"thumbnailUrl":"https:\/\/www.kalfon2.awebdesign4u.com\/wp-content\/uploads\/2024\/07\/IMG_6371-scaled.jpg","datePublished":"2024-07-17T07:20:08+00:00","breadcrumb":{"@id":"https:\/\/www.kalfon2.awebdesign4u.com\/fr\/produit\/aircast-airsport\/#breadcrumb"},"inLanguage":"fr-FR","potentialAction":[{"@type":"ReadAction","target":["https:\/\/www.kalfon2.awebdesign4u.com\/fr\/produit\/aircast-airsport\/"]}]},{"@type":"ImageObject","inLanguage":"fr-FR","@id":"https:\/\/www.kalfon2.awebdesign4u.com\/fr\/produit\/aircast-airsport\/#primaryimage","url":"https:\/\/www.kalfon2.awebdesign4u.com\/wp-content\/uploads\/2024\/07\/IMG_6371-scaled.jpg","contentUrl":"https:\/\/www.kalfon2.awebdesign4u.com\/wp-content\/uploads\/2024\/07\/IMG_6371-scaled.jpg","width":1210,"height":2560},{"@type":"BreadcrumbList","@id":"https:\/\/www.kalfon2.awebdesign4u.com\/fr\/produit\/aircast-airsport\/#breadcrumb","itemListElement":[{"@type":"ListItem","position":1,"name":"Home","item":"https:\/\/www.kalfon-medical.co.il\/fr\/"},{"@type":"ListItem","position":2,"name":"Boutique","item":"https:\/\/www.kalfon-medical.co.il\/fr\/boutique\/"},{"@type":"ListItem","position":3,"name":"Aircast Airsport +"}]},{"@type":"WebSite","@id":"http:\/\/www.kalfon-medical.co.il\/#website","url":"http:\/\/www.kalfon-medical.co.il\/","name":"Kalfon Medical Distribution","description":"Un site utilisant WordPress","potentialAction":[{"@type":"SearchAction","target":{"@type":"EntryPoint","urlTemplate":"http:\/\/www.kalfon-medical.co.il\/?s={search_term_string}"},"query-input":{"@type":"PropertyValueSpecification","valueRequired":true,"valueName":"search_term_string"}}],"inLanguage":"fr-FR"}]}},"_links":{"self":[{"href":"https:\/\/www.kalfon2.awebdesign4u.com\/fr\/wp-json\/wp\/v2\/product\/2317","targetHints":{"allow":["GET"]}}],"collection":[{"href":"https:\/\/www.kalfon2.awebdesign4u.com\/fr\/wp-json\/wp\/v2\/product"}],"about":[{"href":"https:\/\/www.kalfon2.awebdesign4u.com\/fr\/wp-json\/wp\/v2\/types\/product"}],"replies":[{"embeddable":true,"href":"https:\/\/www.kalfon2.awebdesign4u.com\/fr\/wp-json\/wp\/v2\/comments?post=2317"}],"version-history":[{"count":0,"href":"https:\/\/www.kalfon2.awebdesign4u.com\/fr\/wp-json\/wp\/v2\/product\/2317\/revisions"}],"wp:featuredmedia":[{"embeddable":true,"href":"https:\/\/www.kalfon2.awebdesign4u.com\/fr\/wp-json\/wp\/v2\/media\/2306"}],"wp:attachment":[{"href":"https:\/\/www.kalfon2.awebdesign4u.com\/fr\/wp-json\/wp\/v2\/media?parent=2317"}],"wp:term":[{"taxonomy":"product_brand","embeddable":true,"href":"https:\/\/www.kalfon2.awebdesign4u.com\/fr\/wp-json\/wp\/v2\/product_brand?post=2317"},{"taxonomy":"product_cat","embeddable":true,"href":"https:\/\/www.kalfon2.awebdesign4u.com\/fr\/wp-json\/wp\/v2\/product_cat?post=2317"},{"taxonomy":"product_tag","embeddable":true,"href":"https:\/\/www.kalfon2.awebdesign4u.com\/fr\/wp-json\/wp\/v2\/product_tag?post=2317"},{"taxonomy":"distributeur-exclusif","embeddable":true,"href":"https:\/\/www.kalfon2.awebdesign4u.com\/fr\/wp-json\/wp\/v2\/distributeur-exclusif?post=2317"},{"taxonomy":"marques","embeddable":true,"href":"https:\/\/www.kalfon2.awebdesign4u.com\/fr\/wp-json\/wp\/v2\/marques?post=2317"}],"curies":[{"name":"wp","href":"https:\/\/api.w.org\/{rel}","templated":true}]}}