{"id":2343,"date":"2024-07-17T17:19:50","date_gmt":"2024-07-17T15:19:50","guid":{"rendered":"https:\/\/medical2.awebdesign4u.com\/produit\/attelle-poignet-pouce-doigt\/"},"modified":"2024-07-17T17:19:50","modified_gmt":"2024-07-17T15:19:50","slug":"attelle-poignet-pouce-doigt","status":"publish","type":"product","link":"https:\/\/www.kalfon2.awebdesign4u.com\/fr\/produit\/attelle-poignet-pouce-doigt\/","title":{"rendered":"Attelle Poignet Pouce Doigt"},"content":{"rendered":"<p>Goutti\u00e8re de pouce r\u00e9sistante et confortable (\u00e9lastom\u00e8re \/ m\u00e9tal). \u2022 Syst\u00e8me de fermeture r\u00e9glable avec 5 sangles de serrage et boucles au poignet, assurant une immobilisation id\u00e9ale. \u2022 2 straps amovibles : l\u2019un garantit un bon maintien du pouce et l\u2019autre, le maintien des doigts. \u2022 \u00c9clisse dorsale en aluminium repositionnable pour un meilleur confort et pour un contr\u00f4le de l\u2019amplitude de mouvement. \u2022 \u00c9clisse palmaire conformable pour un ajustement optimal. \u2022 Doublure interne en Jersey doux. \u2022 Ne contient pas de latex. \u2022 Poids : 180 g. \u2022 Mod\u00e8le bilat\u00e9ral. \u2022 Disponible en 5 tailles (XS \u00e0 XL).<\/p>\n","protected":false},"excerpt":{"rendered":"<ul>\n<li>&#8211; Soulagement des douleurs li\u00e9es aux d\u00e9viations rhumatismales.<\/li>\n<li>&#8211; Am\u00e9lioration de la pr\u00e9hension, de la force et de la fonction.<\/li>\n<li> \u2022 Immobilisation du poignet \/ pouce \/ doigts.<\/li>\n<\/ul>\n","protected":false},"featured_media":2334,"comment_status":"open","ping_status":"closed","template":"","meta":[],"product_brand":[],"product_cat":[74,187],"product_tag":[],"distributeur-exclusif":[],"marques":[211],"class_list":{"0":"post-2343","1":"product","2":"type-product","3":"status-publish","4":"has-post-thumbnail","6":"product_cat-orthopedie","7":"product_cat-poignet","8":"marques-donjoy","9":"_wholesalex wsx-wholesalex-product","11":"first","12":"instock","13":"taxable","14":"shipping-taxable","15":"purchasable","16":"product-type-variable"},"yoast_head":"<!-- This site is optimized with the Yoast SEO plugin v25.2 - https:\/\/yoast.com\/wordpress\/plugins\/seo\/ -->\n<title>Attelle Poignet Pouce Doigt - Kalfon Medical Distribution<\/title>\n<meta name=\"robots\" content=\"index, follow, max-snippet:-1, max-image-preview:large, max-video-preview:-1\" \/>\n<link rel=\"canonical\" href=\"https:\/\/www.kalfon2.awebdesign4u.com\/fr\/produit\/attelle-poignet-pouce-doigt\/\" \/>\n<meta property=\"og:locale\" content=\"fr_FR\" \/>\n<meta property=\"og:type\" content=\"article\" \/>\n<meta property=\"og:title\" content=\"Attelle Poignet Pouce Doigt - Kalfon Medical Distribution\" \/>\n<meta property=\"og:description\" content=\"- Soulagement des douleurs li\u00e9es aux d\u00e9viations rhumatismales.  - Am\u00e9lioration de la pr\u00e9hension, de la force et de la fonction.  \u2022 Immobilisation du poignet \/ pouce \/ doigts.\" \/>\n<meta property=\"og:url\" content=\"https:\/\/www.kalfon2.awebdesign4u.com\/fr\/produit\/attelle-poignet-pouce-doigt\/\" \/>\n<meta property=\"og:site_name\" content=\"Kalfon Medical Distribution\" \/>\n<meta property=\"og:image\" content=\"https:\/\/www.kalfon2.awebdesign4u.com\/wp-content\/uploads\/2024\/07\/DonJoy8296303PolyForm_72dpijpg_1hb8fbg.jpg\" \/>\n\t<meta property=\"og:image:width\" content=\"1618\" \/>\n\t<meta property=\"og:image:height\" content=\"1618\" \/>\n\t<meta property=\"og:image:type\" content=\"image\/jpeg\" \/>\n<meta name=\"twitter:card\" content=\"summary_large_image\" \/>\n<script type=\"application\/ld+json\" class=\"yoast-schema-graph\">{\"@context\":\"https:\/\/schema.org\",\"@graph\":[{\"@type\":\"WebPage\",\"@id\":\"https:\/\/www.kalfon2.awebdesign4u.com\/fr\/produit\/attelle-poignet-pouce-doigt\/\",\"url\":\"https:\/\/www.kalfon2.awebdesign4u.com\/fr\/produit\/attelle-poignet-pouce-doigt\/\",\"name\":\"Attelle Poignet Pouce Doigt - Kalfon Medical Distribution\",\"isPartOf\":{\"@id\":\"http:\/\/www.kalfon-medical.co.il\/#website\"},\"primaryImageOfPage\":{\"@id\":\"https:\/\/www.kalfon2.awebdesign4u.com\/fr\/produit\/attelle-poignet-pouce-doigt\/#primaryimage\"},\"image\":{\"@id\":\"https:\/\/www.kalfon2.awebdesign4u.com\/fr\/produit\/attelle-poignet-pouce-doigt\/#primaryimage\"},\"thumbnailUrl\":\"https:\/\/www.kalfon2.awebdesign4u.com\/wp-content\/uploads\/2024\/07\/DonJoy8296303PolyForm_72dpijpg_1hb8fbg.jpg\",\"datePublished\":\"2024-07-17T15:19:50+00:00\",\"breadcrumb\":{\"@id\":\"https:\/\/www.kalfon2.awebdesign4u.com\/fr\/produit\/attelle-poignet-pouce-doigt\/#breadcrumb\"},\"inLanguage\":\"fr-FR\",\"potentialAction\":[{\"@type\":\"ReadAction\",\"target\":[\"https:\/\/www.kalfon2.awebdesign4u.com\/fr\/produit\/attelle-poignet-pouce-doigt\/\"]}]},{\"@type\":\"ImageObject\",\"inLanguage\":\"fr-FR\",\"@id\":\"https:\/\/www.kalfon2.awebdesign4u.com\/fr\/produit\/attelle-poignet-pouce-doigt\/#primaryimage\",\"url\":\"https:\/\/www.kalfon2.awebdesign4u.com\/wp-content\/uploads\/2024\/07\/DonJoy8296303PolyForm_72dpijpg_1hb8fbg.jpg\",\"contentUrl\":\"https:\/\/www.kalfon2.awebdesign4u.com\/wp-content\/uploads\/2024\/07\/DonJoy8296303PolyForm_72dpijpg_1hb8fbg.jpg\",\"width\":1618,\"height\":1618},{\"@type\":\"BreadcrumbList\",\"@id\":\"https:\/\/www.kalfon2.awebdesign4u.com\/fr\/produit\/attelle-poignet-pouce-doigt\/#breadcrumb\",\"itemListElement\":[{\"@type\":\"ListItem\",\"position\":1,\"name\":\"Home\",\"item\":\"https:\/\/www.kalfon-medical.co.il\/fr\/\"},{\"@type\":\"ListItem\",\"position\":2,\"name\":\"Boutique\",\"item\":\"https:\/\/www.kalfon-medical.co.il\/fr\/boutique\/\"},{\"@type\":\"ListItem\",\"position\":3,\"name\":\"Attelle Poignet Pouce Doigt\"}]},{\"@type\":\"WebSite\",\"@id\":\"http:\/\/www.kalfon-medical.co.il\/#website\",\"url\":\"http:\/\/www.kalfon-medical.co.il\/\",\"name\":\"Kalfon Medical Distribution\",\"description\":\"Un site utilisant WordPress\",\"potentialAction\":[{\"@type\":\"SearchAction\",\"target\":{\"@type\":\"EntryPoint\",\"urlTemplate\":\"http:\/\/www.kalfon-medical.co.il\/?s={search_term_string}\"},\"query-input\":{\"@type\":\"PropertyValueSpecification\",\"valueRequired\":true,\"valueName\":\"search_term_string\"}}],\"inLanguage\":\"fr-FR\"}]}<\/script>\n<!-- \/ Yoast SEO plugin. -->","yoast_head_json":{"title":"Attelle Poignet Pouce Doigt - Kalfon Medical Distribution","robots":{"index":"index","follow":"follow","max-snippet":"max-snippet:-1","max-image-preview":"max-image-preview:large","max-video-preview":"max-video-preview:-1"},"canonical":"https:\/\/www.kalfon2.awebdesign4u.com\/fr\/produit\/attelle-poignet-pouce-doigt\/","og_locale":"fr_FR","og_type":"article","og_title":"Attelle Poignet Pouce Doigt - Kalfon Medical Distribution","og_description":"- Soulagement des douleurs li\u00e9es aux d\u00e9viations rhumatismales.  - Am\u00e9lioration de la pr\u00e9hension, de la force et de la fonction.  \u2022 Immobilisation du poignet \/ pouce \/ doigts.","og_url":"https:\/\/www.kalfon2.awebdesign4u.com\/fr\/produit\/attelle-poignet-pouce-doigt\/","og_site_name":"Kalfon Medical Distribution","og_image":[{"width":1618,"height":1618,"url":"https:\/\/www.kalfon2.awebdesign4u.com\/wp-content\/uploads\/2024\/07\/DonJoy8296303PolyForm_72dpijpg_1hb8fbg.jpg","type":"image\/jpeg"}],"twitter_card":"summary_large_image","schema":{"@context":"https:\/\/schema.org","@graph":[{"@type":"WebPage","@id":"https:\/\/www.kalfon2.awebdesign4u.com\/fr\/produit\/attelle-poignet-pouce-doigt\/","url":"https:\/\/www.kalfon2.awebdesign4u.com\/fr\/produit\/attelle-poignet-pouce-doigt\/","name":"Attelle Poignet Pouce Doigt - Kalfon Medical Distribution","isPartOf":{"@id":"http:\/\/www.kalfon-medical.co.il\/#website"},"primaryImageOfPage":{"@id":"https:\/\/www.kalfon2.awebdesign4u.com\/fr\/produit\/attelle-poignet-pouce-doigt\/#primaryimage"},"image":{"@id":"https:\/\/www.kalfon2.awebdesign4u.com\/fr\/produit\/attelle-poignet-pouce-doigt\/#primaryimage"},"thumbnailUrl":"https:\/\/www.kalfon2.awebdesign4u.com\/wp-content\/uploads\/2024\/07\/DonJoy8296303PolyForm_72dpijpg_1hb8fbg.jpg","datePublished":"2024-07-17T15:19:50+00:00","breadcrumb":{"@id":"https:\/\/www.kalfon2.awebdesign4u.com\/fr\/produit\/attelle-poignet-pouce-doigt\/#breadcrumb"},"inLanguage":"fr-FR","potentialAction":[{"@type":"ReadAction","target":["https:\/\/www.kalfon2.awebdesign4u.com\/fr\/produit\/attelle-poignet-pouce-doigt\/"]}]},{"@type":"ImageObject","inLanguage":"fr-FR","@id":"https:\/\/www.kalfon2.awebdesign4u.com\/fr\/produit\/attelle-poignet-pouce-doigt\/#primaryimage","url":"https:\/\/www.kalfon2.awebdesign4u.com\/wp-content\/uploads\/2024\/07\/DonJoy8296303PolyForm_72dpijpg_1hb8fbg.jpg","contentUrl":"https:\/\/www.kalfon2.awebdesign4u.com\/wp-content\/uploads\/2024\/07\/DonJoy8296303PolyForm_72dpijpg_1hb8fbg.jpg","width":1618,"height":1618},{"@type":"BreadcrumbList","@id":"https:\/\/www.kalfon2.awebdesign4u.com\/fr\/produit\/attelle-poignet-pouce-doigt\/#breadcrumb","itemListElement":[{"@type":"ListItem","position":1,"name":"Home","item":"https:\/\/www.kalfon-medical.co.il\/fr\/"},{"@type":"ListItem","position":2,"name":"Boutique","item":"https:\/\/www.kalfon-medical.co.il\/fr\/boutique\/"},{"@type":"ListItem","position":3,"name":"Attelle Poignet Pouce Doigt"}]},{"@type":"WebSite","@id":"http:\/\/www.kalfon-medical.co.il\/#website","url":"http:\/\/www.kalfon-medical.co.il\/","name":"Kalfon Medical Distribution","description":"Un site utilisant WordPress","potentialAction":[{"@type":"SearchAction","target":{"@type":"EntryPoint","urlTemplate":"http:\/\/www.kalfon-medical.co.il\/?s={search_term_string}"},"query-input":{"@type":"PropertyValueSpecification","valueRequired":true,"valueName":"search_term_string"}}],"inLanguage":"fr-FR"}]}},"_links":{"self":[{"href":"https:\/\/www.kalfon2.awebdesign4u.com\/fr\/wp-json\/wp\/v2\/product\/2343","targetHints":{"allow":["GET"]}}],"collection":[{"href":"https:\/\/www.kalfon2.awebdesign4u.com\/fr\/wp-json\/wp\/v2\/product"}],"about":[{"href":"https:\/\/www.kalfon2.awebdesign4u.com\/fr\/wp-json\/wp\/v2\/types\/product"}],"replies":[{"embeddable":true,"href":"https:\/\/www.kalfon2.awebdesign4u.com\/fr\/wp-json\/wp\/v2\/comments?post=2343"}],"version-history":[{"count":0,"href":"https:\/\/www.kalfon2.awebdesign4u.com\/fr\/wp-json\/wp\/v2\/product\/2343\/revisions"}],"wp:featuredmedia":[{"embeddable":true,"href":"https:\/\/www.kalfon2.awebdesign4u.com\/fr\/wp-json\/wp\/v2\/media\/2334"}],"wp:attachment":[{"href":"https:\/\/www.kalfon2.awebdesign4u.com\/fr\/wp-json\/wp\/v2\/media?parent=2343"}],"wp:term":[{"taxonomy":"product_brand","embeddable":true,"href":"https:\/\/www.kalfon2.awebdesign4u.com\/fr\/wp-json\/wp\/v2\/product_brand?post=2343"},{"taxonomy":"product_cat","embeddable":true,"href":"https:\/\/www.kalfon2.awebdesign4u.com\/fr\/wp-json\/wp\/v2\/product_cat?post=2343"},{"taxonomy":"product_tag","embeddable":true,"href":"https:\/\/www.kalfon2.awebdesign4u.com\/fr\/wp-json\/wp\/v2\/product_tag?post=2343"},{"taxonomy":"distributeur-exclusif","embeddable":true,"href":"https:\/\/www.kalfon2.awebdesign4u.com\/fr\/wp-json\/wp\/v2\/distributeur-exclusif?post=2343"},{"taxonomy":"marques","embeddable":true,"href":"https:\/\/www.kalfon2.awebdesign4u.com\/fr\/wp-json\/wp\/v2\/marques?post=2343"}],"curies":[{"name":"wp","href":"https:\/\/api.w.org\/{rel}","templated":true}]}}