{"id":379,"date":"2024-05-28T15:08:32","date_gmt":"2024-05-28T13:08:32","guid":{"rendered":"https:\/\/www.kalfon2.awebdesign4u.com\/produit\/bequille-enfant\/"},"modified":"2024-05-29T12:44:54","modified_gmt":"2024-05-29T10:44:54","slug":"bequille-enfant","status":"publish","type":"product","link":"https:\/\/www.kalfon2.awebdesign4u.com\/fr\/produit\/bequille-enfant\/","title":{"rendered":"B\u00e9quille enfant"},"content":{"rendered":"<pre class=\"tw-data-text tw-text-large tw-ta\" dir=\"rtl\" data-placeholder=\"Traduction\" aria-label=\"Texte traduit\" data-ved=\"2ahUKEwjPj_a7srCGAxVX_rsIHZVvDbEQ3ewLegQIExAU\"><\/pre>\n<pre class=\"tw-data-text tw-text-large tw-ta\" dir=\"rtl\" data-placeholder=\"Traduction\" aria-label=\"Texte traduit\" data-ved=\"2ahUKEwjPj_a7srCGAxVX_rsIHZVvDbEQ3ewLegQIExAU\"><span class=\"Y2IQFc\" lang=\"iw\">\u05e7\u05d1 \u05e7\u05d8\u05df \u05d4\u05de\u05d0\u05e4\u05e9\u05e8 \u05dc\u05db\u05d5\u05d5\u05df \u05d0\u05ea \u05ea\u05de\u05d9\u05db\u05ea \u05d4\u05d6\u05e8\u05d5\u05e2 \u05dc\u05d2\u05d5\u05d1\u05d4. \u05d9\u05e9 \u05dc\u05d5 \u05d2\u05dd \u05d9\u05d3\u05d9\u05ea \u05d0\u05e8\u05d2\u05d5\u05e0\u05d5\u05de\u05d9\u05ea. \u05ea\u05d5\u05e6\u05e8\u05ea \u05d0\u05d9\u05e8\u05d5\u05e4\u05d4<\/span><\/pre>\n<pre id=\"tw-target-text\" class=\"tw-data-text tw-text-large tw-ta\" dir=\"rtl\" data-placeholder=\"Traduction\" aria-label=\"Texte traduit\" data-ved=\"2ahUKEwjPj_a7srCGAxVX_rsIHZVvDbEQ3ewLegQIExAU\"><span class=\"Y2IQFc\" lang=\"iw\">\u05d2\u05d5\u05d1\u05d4 \u05d9\u05d3\u05d9\u05ea \u05de\u05ea\u05db\u05d5\u05d5\u05e0\u05df \u05d1-9 \u05de\u05e6\u05d1\u05d9\u05dd \u05de-45 \u05e2\u05d3 69 \u05e1\"\u05de.\n\u05d2\u05d5\u05d1\u05d4 \u05ea\u05de\u05d9\u05db\u05ea \u05d6\u05e8\u05d5\u05e2 \u05de\u05ea\u05db\u05d5\u05d5\u05e0\u05df \u05d1-5 \u05de\u05e6\u05d1\u05d9\u05dd \u05de-19.5 \u05e2\u05d3 25.5 \u05e1\"\u05de.\n\u05de\u05d1\u05e0\u05d4 \u05d0\u05dc\u05d5\u05de\u05d9\u05e0\u05d9\u05d5\u05dd \u05d5\u05ea\u05e8\u05de\u05d5\u05e4\u05dc\u05e1\u05d8\u05d9.\n\u05de\u05e9\u05e7\u05dc 530 \u05d2\u05e8\u05dd.\n\u05d4\u05ea\u05e0\u05d2\u05d3\u05d5\u05ea 100 \u05e7\"\u05d2<\/span><\/pre>\n","protected":false},"excerpt":{"rendered":"<ul>\n<li>Appui brachial r\u00e9glable<\/span><\/li>\n<li>Poign\u00e9e ergonomique<\/span><\/li>\n<\/ul>\n","protected":false},"featured_media":496,"comment_status":"open","ping_status":"closed","template":"","meta":[],"product_brand":[],"product_cat":[31,28],"product_tag":[],"distributeur-exclusif":[],"marques":[],"class_list":{"0":"post-379","1":"product","2":"type-product","3":"status-publish","4":"has-post-thumbnail","6":"product_cat-bequilles","7":"product_cat-mobilite","8":"_wholesalex wsx-wholesalex-product","10":"first","11":"instock","12":"featured","13":"taxable","14":"shipping-taxable","15":"purchasable","16":"product-type-simple"},"yoast_head":"<!-- This site is optimized with the Yoast SEO plugin v25.2 - https:\/\/yoast.com\/wordpress\/plugins\/seo\/ -->\n<title>B\u00e9quille enfant - Kalfon Medical Distribution<\/title>\n<meta name=\"robots\" content=\"index, follow, max-snippet:-1, max-image-preview:large, max-video-preview:-1\" \/>\n<link rel=\"canonical\" href=\"https:\/\/www.kalfon2.awebdesign4u.com\/fr\/produit\/bequille-enfant\/\" \/>\n<meta property=\"og:locale\" content=\"fr_FR\" \/>\n<meta property=\"og:type\" content=\"article\" \/>\n<meta property=\"og:title\" content=\"B\u00e9quille enfant - Kalfon Medical Distribution\" \/>\n<meta property=\"og:description\" content=\"Appui brachial r\u00e9glable  Poign\u00e9e ergonomique\" \/>\n<meta property=\"og:url\" content=\"https:\/\/www.kalfon2.awebdesign4u.com\/fr\/produit\/bequille-enfant\/\" \/>\n<meta property=\"og:site_name\" content=\"Kalfon Medical Distribution\" \/>\n<meta property=\"article:modified_time\" content=\"2024-05-29T10:44:54+00:00\" \/>\n<meta property=\"og:image\" content=\"https:\/\/www.kalfon2.awebdesign4u.com\/wp-content\/uploads\/2024\/05\/816120-800x800px.jpg\" \/>\n\t<meta property=\"og:image:width\" content=\"800\" \/>\n\t<meta property=\"og:image:height\" content=\"800\" \/>\n\t<meta property=\"og:image:type\" content=\"image\/jpeg\" \/>\n<meta name=\"twitter:card\" content=\"summary_large_image\" \/>\n<script type=\"application\/ld+json\" class=\"yoast-schema-graph\">{\"@context\":\"https:\/\/schema.org\",\"@graph\":[{\"@type\":\"WebPage\",\"@id\":\"https:\/\/www.kalfon2.awebdesign4u.com\/fr\/produit\/bequille-enfant\/\",\"url\":\"https:\/\/www.kalfon2.awebdesign4u.com\/fr\/produit\/bequille-enfant\/\",\"name\":\"B\u00e9quille enfant - Kalfon Medical Distribution\",\"isPartOf\":{\"@id\":\"http:\/\/www.kalfon-medical.co.il\/#website\"},\"primaryImageOfPage\":{\"@id\":\"https:\/\/www.kalfon2.awebdesign4u.com\/fr\/produit\/bequille-enfant\/#primaryimage\"},\"image\":{\"@id\":\"https:\/\/www.kalfon2.awebdesign4u.com\/fr\/produit\/bequille-enfant\/#primaryimage\"},\"thumbnailUrl\":\"https:\/\/www.kalfon2.awebdesign4u.com\/wp-content\/uploads\/2024\/05\/816120-800x800px.jpg\",\"datePublished\":\"2024-05-28T13:08:32+00:00\",\"dateModified\":\"2024-05-29T10:44:54+00:00\",\"breadcrumb\":{\"@id\":\"https:\/\/www.kalfon2.awebdesign4u.com\/fr\/produit\/bequille-enfant\/#breadcrumb\"},\"inLanguage\":\"fr-FR\",\"potentialAction\":[{\"@type\":\"ReadAction\",\"target\":[\"https:\/\/www.kalfon2.awebdesign4u.com\/fr\/produit\/bequille-enfant\/\"]}]},{\"@type\":\"ImageObject\",\"inLanguage\":\"fr-FR\",\"@id\":\"https:\/\/www.kalfon2.awebdesign4u.com\/fr\/produit\/bequille-enfant\/#primaryimage\",\"url\":\"https:\/\/www.kalfon2.awebdesign4u.com\/wp-content\/uploads\/2024\/05\/816120-800x800px.jpg\",\"contentUrl\":\"https:\/\/www.kalfon2.awebdesign4u.com\/wp-content\/uploads\/2024\/05\/816120-800x800px.jpg\",\"width\":800,\"height\":800},{\"@type\":\"BreadcrumbList\",\"@id\":\"https:\/\/www.kalfon2.awebdesign4u.com\/fr\/produit\/bequille-enfant\/#breadcrumb\",\"itemListElement\":[{\"@type\":\"ListItem\",\"position\":1,\"name\":\"Home\",\"item\":\"https:\/\/www.kalfon-medical.co.il\/fr\/\"},{\"@type\":\"ListItem\",\"position\":2,\"name\":\"Boutique\",\"item\":\"https:\/\/www.kalfon-medical.co.il\/fr\/boutique\/\"},{\"@type\":\"ListItem\",\"position\":3,\"name\":\"B\u00e9quille enfant\"}]},{\"@type\":\"WebSite\",\"@id\":\"http:\/\/www.kalfon-medical.co.il\/#website\",\"url\":\"http:\/\/www.kalfon-medical.co.il\/\",\"name\":\"Kalfon Medical Distribution\",\"description\":\"Un site utilisant WordPress\",\"potentialAction\":[{\"@type\":\"SearchAction\",\"target\":{\"@type\":\"EntryPoint\",\"urlTemplate\":\"http:\/\/www.kalfon-medical.co.il\/?s={search_term_string}\"},\"query-input\":{\"@type\":\"PropertyValueSpecification\",\"valueRequired\":true,\"valueName\":\"search_term_string\"}}],\"inLanguage\":\"fr-FR\"}]}<\/script>\n<!-- \/ Yoast SEO plugin. -->","yoast_head_json":{"title":"B\u00e9quille enfant - Kalfon Medical Distribution","robots":{"index":"index","follow":"follow","max-snippet":"max-snippet:-1","max-image-preview":"max-image-preview:large","max-video-preview":"max-video-preview:-1"},"canonical":"https:\/\/www.kalfon2.awebdesign4u.com\/fr\/produit\/bequille-enfant\/","og_locale":"fr_FR","og_type":"article","og_title":"B\u00e9quille enfant - Kalfon Medical Distribution","og_description":"Appui brachial r\u00e9glable  Poign\u00e9e ergonomique","og_url":"https:\/\/www.kalfon2.awebdesign4u.com\/fr\/produit\/bequille-enfant\/","og_site_name":"Kalfon Medical Distribution","article_modified_time":"2024-05-29T10:44:54+00:00","og_image":[{"width":800,"height":800,"url":"https:\/\/www.kalfon2.awebdesign4u.com\/wp-content\/uploads\/2024\/05\/816120-800x800px.jpg","type":"image\/jpeg"}],"twitter_card":"summary_large_image","schema":{"@context":"https:\/\/schema.org","@graph":[{"@type":"WebPage","@id":"https:\/\/www.kalfon2.awebdesign4u.com\/fr\/produit\/bequille-enfant\/","url":"https:\/\/www.kalfon2.awebdesign4u.com\/fr\/produit\/bequille-enfant\/","name":"B\u00e9quille enfant - Kalfon Medical Distribution","isPartOf":{"@id":"http:\/\/www.kalfon-medical.co.il\/#website"},"primaryImageOfPage":{"@id":"https:\/\/www.kalfon2.awebdesign4u.com\/fr\/produit\/bequille-enfant\/#primaryimage"},"image":{"@id":"https:\/\/www.kalfon2.awebdesign4u.com\/fr\/produit\/bequille-enfant\/#primaryimage"},"thumbnailUrl":"https:\/\/www.kalfon2.awebdesign4u.com\/wp-content\/uploads\/2024\/05\/816120-800x800px.jpg","datePublished":"2024-05-28T13:08:32+00:00","dateModified":"2024-05-29T10:44:54+00:00","breadcrumb":{"@id":"https:\/\/www.kalfon2.awebdesign4u.com\/fr\/produit\/bequille-enfant\/#breadcrumb"},"inLanguage":"fr-FR","potentialAction":[{"@type":"ReadAction","target":["https:\/\/www.kalfon2.awebdesign4u.com\/fr\/produit\/bequille-enfant\/"]}]},{"@type":"ImageObject","inLanguage":"fr-FR","@id":"https:\/\/www.kalfon2.awebdesign4u.com\/fr\/produit\/bequille-enfant\/#primaryimage","url":"https:\/\/www.kalfon2.awebdesign4u.com\/wp-content\/uploads\/2024\/05\/816120-800x800px.jpg","contentUrl":"https:\/\/www.kalfon2.awebdesign4u.com\/wp-content\/uploads\/2024\/05\/816120-800x800px.jpg","width":800,"height":800},{"@type":"BreadcrumbList","@id":"https:\/\/www.kalfon2.awebdesign4u.com\/fr\/produit\/bequille-enfant\/#breadcrumb","itemListElement":[{"@type":"ListItem","position":1,"name":"Home","item":"https:\/\/www.kalfon-medical.co.il\/fr\/"},{"@type":"ListItem","position":2,"name":"Boutique","item":"https:\/\/www.kalfon-medical.co.il\/fr\/boutique\/"},{"@type":"ListItem","position":3,"name":"B\u00e9quille enfant"}]},{"@type":"WebSite","@id":"http:\/\/www.kalfon-medical.co.il\/#website","url":"http:\/\/www.kalfon-medical.co.il\/","name":"Kalfon Medical Distribution","description":"Un site utilisant WordPress","potentialAction":[{"@type":"SearchAction","target":{"@type":"EntryPoint","urlTemplate":"http:\/\/www.kalfon-medical.co.il\/?s={search_term_string}"},"query-input":{"@type":"PropertyValueSpecification","valueRequired":true,"valueName":"search_term_string"}}],"inLanguage":"fr-FR"}]}},"_links":{"self":[{"href":"https:\/\/www.kalfon2.awebdesign4u.com\/fr\/wp-json\/wp\/v2\/product\/379","targetHints":{"allow":["GET"]}}],"collection":[{"href":"https:\/\/www.kalfon2.awebdesign4u.com\/fr\/wp-json\/wp\/v2\/product"}],"about":[{"href":"https:\/\/www.kalfon2.awebdesign4u.com\/fr\/wp-json\/wp\/v2\/types\/product"}],"replies":[{"embeddable":true,"href":"https:\/\/www.kalfon2.awebdesign4u.com\/fr\/wp-json\/wp\/v2\/comments?post=379"}],"version-history":[{"count":0,"href":"https:\/\/www.kalfon2.awebdesign4u.com\/fr\/wp-json\/wp\/v2\/product\/379\/revisions"}],"wp:featuredmedia":[{"embeddable":true,"href":"https:\/\/www.kalfon2.awebdesign4u.com\/fr\/wp-json\/wp\/v2\/media\/496"}],"wp:attachment":[{"href":"https:\/\/www.kalfon2.awebdesign4u.com\/fr\/wp-json\/wp\/v2\/media?parent=379"}],"wp:term":[{"taxonomy":"product_brand","embeddable":true,"href":"https:\/\/www.kalfon2.awebdesign4u.com\/fr\/wp-json\/wp\/v2\/product_brand?post=379"},{"taxonomy":"product_cat","embeddable":true,"href":"https:\/\/www.kalfon2.awebdesign4u.com\/fr\/wp-json\/wp\/v2\/product_cat?post=379"},{"taxonomy":"product_tag","embeddable":true,"href":"https:\/\/www.kalfon2.awebdesign4u.com\/fr\/wp-json\/wp\/v2\/product_tag?post=379"},{"taxonomy":"distributeur-exclusif","embeddable":true,"href":"https:\/\/www.kalfon2.awebdesign4u.com\/fr\/wp-json\/wp\/v2\/distributeur-exclusif?post=379"},{"taxonomy":"marques","embeddable":true,"href":"https:\/\/www.kalfon2.awebdesign4u.com\/fr\/wp-json\/wp\/v2\/marques?post=379"}],"curies":[{"name":"wp","href":"https:\/\/api.w.org\/{rel}","templated":true}]}}