{"id":433,"date":"2024-05-29T10:34:12","date_gmt":"2024-05-29T08:34:12","guid":{"rendered":"http:\/\/www.kalfon-medical.co.il\/?post_type=product&#038;p=433"},"modified":"2024-05-29T10:35:25","modified_gmt":"2024-05-29T08:35:25","slug":"canne-siege-telescopique","status":"publish","type":"product","link":"https:\/\/www.kalfon2.awebdesign4u.com\/fr\/produit\/canne-siege-telescopique\/","title":{"rendered":"CANNE SIEGE TELESCOPIQUE"},"content":{"rendered":"<p>Id\u00e9ale pour les promenades avec pauses confortables. Cette canne si\u00e8ge s\u2019emm\u00e8ne facilement avec vous et se d\u00e9ploie pour former un si\u00e8ge facile \u00e0 utiliser. Poign\u00e9e anatomique souple. R\u00e9glable en hauteur pour une hauteur d\u2019assise de 47,5 \u00e0 56 cm en 5 positions. Coloris noir. Structure aluminium et si\u00e8ge en plastique. Poids maximum autoris\u00e9 : 136 kg.<\/p>\n","protected":false},"excerpt":{"rendered":"<p>Id\u00e9ale pour les promenades avec pauses confortables. Cette canne si\u00e8ge s\u2019emm\u00e8ne facilement avec vous et se d\u00e9ploie pour former un si\u00e8ge facile \u00e0 utiliser. Poign\u00e9e anatomique souple. R\u00e9glable en hauteur pour une hauteur d\u2019assise de 47,5 \u00e0 56 cm en 5 positions. Coloris noir. Structure aluminium et si\u00e8ge en plastique. Poids maximum autoris\u00e9 : 136 [&hellip;]<\/p>\n","protected":false},"featured_media":437,"comment_status":"open","ping_status":"closed","template":"","meta":[],"product_brand":[],"product_cat":[32,28],"product_tag":[],"distributeur-exclusif":[],"marques":[],"class_list":{"0":"post-433","1":"product","2":"type-product","3":"status-publish","4":"has-post-thumbnail","6":"product_cat-cannes","7":"product_cat-mobilite","8":"_wholesalex wsx-wholesalex-product","10":"first","11":"instock","12":"taxable","13":"shipping-taxable","14":"purchasable","15":"product-type-simple"},"yoast_head":"<!-- This site is optimized with the Yoast SEO plugin v25.2 - https:\/\/yoast.com\/wordpress\/plugins\/seo\/ -->\n<title>CANNE SIEGE TELESCOPIQUE - Kalfon Medical Distribution<\/title>\n<meta name=\"robots\" content=\"index, follow, max-snippet:-1, max-image-preview:large, max-video-preview:-1\" \/>\n<link rel=\"canonical\" href=\"https:\/\/www.kalfon2.awebdesign4u.com\/fr\/produit\/canne-siege-telescopique\/\" \/>\n<meta property=\"og:locale\" content=\"fr_FR\" \/>\n<meta property=\"og:type\" content=\"article\" \/>\n<meta property=\"og:title\" content=\"CANNE SIEGE TELESCOPIQUE - Kalfon Medical Distribution\" \/>\n<meta property=\"og:description\" content=\"Id\u00e9ale pour les promenades avec pauses confortables. Cette canne si\u00e8ge s\u2019emm\u00e8ne facilement avec vous et se d\u00e9ploie pour former un si\u00e8ge facile \u00e0 utiliser. Poign\u00e9e anatomique souple. R\u00e9glable en hauteur pour une hauteur d\u2019assise de 47,5 \u00e0 56 cm en 5 positions. Coloris noir. Structure aluminium et si\u00e8ge en plastique. Poids maximum autoris\u00e9 : 136 [&hellip;]\" \/>\n<meta property=\"og:url\" content=\"https:\/\/www.kalfon2.awebdesign4u.com\/fr\/produit\/canne-siege-telescopique\/\" \/>\n<meta property=\"og:site_name\" content=\"Kalfon Medical Distribution\" \/>\n<meta property=\"article:modified_time\" content=\"2024-05-29T08:35:25+00:00\" \/>\n<meta property=\"og:image\" content=\"https:\/\/www.kalfon2.awebdesign4u.com\/wp-content\/uploads\/2024\/05\/canne-siege-pliante-816035-1.jpg\" \/>\n\t<meta property=\"og:image:width\" content=\"800\" \/>\n\t<meta property=\"og:image:height\" content=\"800\" \/>\n\t<meta property=\"og:image:type\" content=\"image\/jpeg\" \/>\n<meta name=\"twitter:card\" content=\"summary_large_image\" \/>\n<script type=\"application\/ld+json\" class=\"yoast-schema-graph\">{\"@context\":\"https:\/\/schema.org\",\"@graph\":[{\"@type\":\"WebPage\",\"@id\":\"https:\/\/www.kalfon2.awebdesign4u.com\/fr\/produit\/canne-siege-telescopique\/\",\"url\":\"https:\/\/www.kalfon2.awebdesign4u.com\/fr\/produit\/canne-siege-telescopique\/\",\"name\":\"CANNE SIEGE TELESCOPIQUE - Kalfon Medical Distribution\",\"isPartOf\":{\"@id\":\"http:\/\/www.kalfon-medical.co.il\/#website\"},\"primaryImageOfPage\":{\"@id\":\"https:\/\/www.kalfon2.awebdesign4u.com\/fr\/produit\/canne-siege-telescopique\/#primaryimage\"},\"image\":{\"@id\":\"https:\/\/www.kalfon2.awebdesign4u.com\/fr\/produit\/canne-siege-telescopique\/#primaryimage\"},\"thumbnailUrl\":\"https:\/\/www.kalfon2.awebdesign4u.com\/wp-content\/uploads\/2024\/05\/canne-siege-pliante-816035-1.jpg\",\"datePublished\":\"2024-05-29T08:34:12+00:00\",\"dateModified\":\"2024-05-29T08:35:25+00:00\",\"breadcrumb\":{\"@id\":\"https:\/\/www.kalfon2.awebdesign4u.com\/fr\/produit\/canne-siege-telescopique\/#breadcrumb\"},\"inLanguage\":\"fr-FR\",\"potentialAction\":[{\"@type\":\"ReadAction\",\"target\":[\"https:\/\/www.kalfon2.awebdesign4u.com\/fr\/produit\/canne-siege-telescopique\/\"]}]},{\"@type\":\"ImageObject\",\"inLanguage\":\"fr-FR\",\"@id\":\"https:\/\/www.kalfon2.awebdesign4u.com\/fr\/produit\/canne-siege-telescopique\/#primaryimage\",\"url\":\"https:\/\/www.kalfon2.awebdesign4u.com\/wp-content\/uploads\/2024\/05\/canne-siege-pliante-816035-1.jpg\",\"contentUrl\":\"https:\/\/www.kalfon2.awebdesign4u.com\/wp-content\/uploads\/2024\/05\/canne-siege-pliante-816035-1.jpg\",\"width\":800,\"height\":800},{\"@type\":\"BreadcrumbList\",\"@id\":\"https:\/\/www.kalfon2.awebdesign4u.com\/fr\/produit\/canne-siege-telescopique\/#breadcrumb\",\"itemListElement\":[{\"@type\":\"ListItem\",\"position\":1,\"name\":\"Home\",\"item\":\"https:\/\/www.kalfon-medical.co.il\/fr\/\"},{\"@type\":\"ListItem\",\"position\":2,\"name\":\"Boutique\",\"item\":\"https:\/\/www.kalfon-medical.co.il\/fr\/boutique\/\"},{\"@type\":\"ListItem\",\"position\":3,\"name\":\"CANNE SIEGE TELESCOPIQUE\"}]},{\"@type\":\"WebSite\",\"@id\":\"http:\/\/www.kalfon-medical.co.il\/#website\",\"url\":\"http:\/\/www.kalfon-medical.co.il\/\",\"name\":\"Kalfon Medical Distribution\",\"description\":\"Un site utilisant WordPress\",\"potentialAction\":[{\"@type\":\"SearchAction\",\"target\":{\"@type\":\"EntryPoint\",\"urlTemplate\":\"http:\/\/www.kalfon-medical.co.il\/?s={search_term_string}\"},\"query-input\":{\"@type\":\"PropertyValueSpecification\",\"valueRequired\":true,\"valueName\":\"search_term_string\"}}],\"inLanguage\":\"fr-FR\"}]}<\/script>\n<!-- \/ Yoast SEO plugin. -->","yoast_head_json":{"title":"CANNE SIEGE TELESCOPIQUE - Kalfon Medical Distribution","robots":{"index":"index","follow":"follow","max-snippet":"max-snippet:-1","max-image-preview":"max-image-preview:large","max-video-preview":"max-video-preview:-1"},"canonical":"https:\/\/www.kalfon2.awebdesign4u.com\/fr\/produit\/canne-siege-telescopique\/","og_locale":"fr_FR","og_type":"article","og_title":"CANNE SIEGE TELESCOPIQUE - Kalfon Medical Distribution","og_description":"Id\u00e9ale pour les promenades avec pauses confortables. Cette canne si\u00e8ge s\u2019emm\u00e8ne facilement avec vous et se d\u00e9ploie pour former un si\u00e8ge facile \u00e0 utiliser. Poign\u00e9e anatomique souple. R\u00e9glable en hauteur pour une hauteur d\u2019assise de 47,5 \u00e0 56 cm en 5 positions. Coloris noir. Structure aluminium et si\u00e8ge en plastique. Poids maximum autoris\u00e9 : 136 [&hellip;]","og_url":"https:\/\/www.kalfon2.awebdesign4u.com\/fr\/produit\/canne-siege-telescopique\/","og_site_name":"Kalfon Medical Distribution","article_modified_time":"2024-05-29T08:35:25+00:00","og_image":[{"width":800,"height":800,"url":"https:\/\/www.kalfon2.awebdesign4u.com\/wp-content\/uploads\/2024\/05\/canne-siege-pliante-816035-1.jpg","type":"image\/jpeg"}],"twitter_card":"summary_large_image","schema":{"@context":"https:\/\/schema.org","@graph":[{"@type":"WebPage","@id":"https:\/\/www.kalfon2.awebdesign4u.com\/fr\/produit\/canne-siege-telescopique\/","url":"https:\/\/www.kalfon2.awebdesign4u.com\/fr\/produit\/canne-siege-telescopique\/","name":"CANNE SIEGE TELESCOPIQUE - Kalfon Medical Distribution","isPartOf":{"@id":"http:\/\/www.kalfon-medical.co.il\/#website"},"primaryImageOfPage":{"@id":"https:\/\/www.kalfon2.awebdesign4u.com\/fr\/produit\/canne-siege-telescopique\/#primaryimage"},"image":{"@id":"https:\/\/www.kalfon2.awebdesign4u.com\/fr\/produit\/canne-siege-telescopique\/#primaryimage"},"thumbnailUrl":"https:\/\/www.kalfon2.awebdesign4u.com\/wp-content\/uploads\/2024\/05\/canne-siege-pliante-816035-1.jpg","datePublished":"2024-05-29T08:34:12+00:00","dateModified":"2024-05-29T08:35:25+00:00","breadcrumb":{"@id":"https:\/\/www.kalfon2.awebdesign4u.com\/fr\/produit\/canne-siege-telescopique\/#breadcrumb"},"inLanguage":"fr-FR","potentialAction":[{"@type":"ReadAction","target":["https:\/\/www.kalfon2.awebdesign4u.com\/fr\/produit\/canne-siege-telescopique\/"]}]},{"@type":"ImageObject","inLanguage":"fr-FR","@id":"https:\/\/www.kalfon2.awebdesign4u.com\/fr\/produit\/canne-siege-telescopique\/#primaryimage","url":"https:\/\/www.kalfon2.awebdesign4u.com\/wp-content\/uploads\/2024\/05\/canne-siege-pliante-816035-1.jpg","contentUrl":"https:\/\/www.kalfon2.awebdesign4u.com\/wp-content\/uploads\/2024\/05\/canne-siege-pliante-816035-1.jpg","width":800,"height":800},{"@type":"BreadcrumbList","@id":"https:\/\/www.kalfon2.awebdesign4u.com\/fr\/produit\/canne-siege-telescopique\/#breadcrumb","itemListElement":[{"@type":"ListItem","position":1,"name":"Home","item":"https:\/\/www.kalfon-medical.co.il\/fr\/"},{"@type":"ListItem","position":2,"name":"Boutique","item":"https:\/\/www.kalfon-medical.co.il\/fr\/boutique\/"},{"@type":"ListItem","position":3,"name":"CANNE SIEGE TELESCOPIQUE"}]},{"@type":"WebSite","@id":"http:\/\/www.kalfon-medical.co.il\/#website","url":"http:\/\/www.kalfon-medical.co.il\/","name":"Kalfon Medical Distribution","description":"Un site utilisant WordPress","potentialAction":[{"@type":"SearchAction","target":{"@type":"EntryPoint","urlTemplate":"http:\/\/www.kalfon-medical.co.il\/?s={search_term_string}"},"query-input":{"@type":"PropertyValueSpecification","valueRequired":true,"valueName":"search_term_string"}}],"inLanguage":"fr-FR"}]}},"_links":{"self":[{"href":"https:\/\/www.kalfon2.awebdesign4u.com\/fr\/wp-json\/wp\/v2\/product\/433","targetHints":{"allow":["GET"]}}],"collection":[{"href":"https:\/\/www.kalfon2.awebdesign4u.com\/fr\/wp-json\/wp\/v2\/product"}],"about":[{"href":"https:\/\/www.kalfon2.awebdesign4u.com\/fr\/wp-json\/wp\/v2\/types\/product"}],"replies":[{"embeddable":true,"href":"https:\/\/www.kalfon2.awebdesign4u.com\/fr\/wp-json\/wp\/v2\/comments?post=433"}],"version-history":[{"count":0,"href":"https:\/\/www.kalfon2.awebdesign4u.com\/fr\/wp-json\/wp\/v2\/product\/433\/revisions"}],"wp:featuredmedia":[{"embeddable":true,"href":"https:\/\/www.kalfon2.awebdesign4u.com\/fr\/wp-json\/wp\/v2\/media\/437"}],"wp:attachment":[{"href":"https:\/\/www.kalfon2.awebdesign4u.com\/fr\/wp-json\/wp\/v2\/media?parent=433"}],"wp:term":[{"taxonomy":"product_brand","embeddable":true,"href":"https:\/\/www.kalfon2.awebdesign4u.com\/fr\/wp-json\/wp\/v2\/product_brand?post=433"},{"taxonomy":"product_cat","embeddable":true,"href":"https:\/\/www.kalfon2.awebdesign4u.com\/fr\/wp-json\/wp\/v2\/product_cat?post=433"},{"taxonomy":"product_tag","embeddable":true,"href":"https:\/\/www.kalfon2.awebdesign4u.com\/fr\/wp-json\/wp\/v2\/product_tag?post=433"},{"taxonomy":"distributeur-exclusif","embeddable":true,"href":"https:\/\/www.kalfon2.awebdesign4u.com\/fr\/wp-json\/wp\/v2\/distributeur-exclusif?post=433"},{"taxonomy":"marques","embeddable":true,"href":"https:\/\/www.kalfon2.awebdesign4u.com\/fr\/wp-json\/wp\/v2\/marques?post=433"}],"curies":[{"name":"wp","href":"https:\/\/api.w.org\/{rel}","templated":true}]}}