{"id":860,"date":"2024-06-03T16:28:18","date_gmt":"2024-06-03T14:28:18","guid":{"rendered":"https:\/\/medical2.awebdesign4u.com\/produit\/coussin-dassise-decoupe-sacrum\/"},"modified":"2024-06-03T16:28:18","modified_gmt":"2024-06-03T14:28:18","slug":"coussin-dassise-decoupe-sacrum","status":"publish","type":"product","link":"https:\/\/www.kalfon2.awebdesign4u.com\/fr\/produit\/coussin-dassise-decoupe-sacrum\/","title":{"rendered":"COUSSIN D\u2019ASSISE D\u00c9COUPE SACRUM"},"content":{"rendered":"<p>Nos cousins correcteurs sont compos\u00e9s d\u2019une mousse visco-\u00e9lastique de tr\u00e8s haute densit\u00e9, permettant une r\u00e9partition des poids parfaite, avec un soutien tr\u00e8s ferme. Cette fermet\u00e9 permet de corriger votre assise sur n\u2019importe quelle assise existante. Ils sont munis d\u2019une housse en velours noire, d\u00e9houssable et lavable en machine \u00e0 30\u00b0. Sous-housse de propret\u00e9 100% coton. Dessous multi-pad antid\u00e9rapant. Le coussin d&#8217;assise d\u00e9coupe sacrum Identit\u00e9s a un design particuli\u00e8rement adapt\u00e9 \u00e0 une utilisation pour les personnes souffrant du coccyx. Forme anatomique du fessier avec abduction \u00e0 l\u2019avant. D\u00e9coupe \u00e0 l\u2019arri\u00e8re. Muni d\u2019une poign\u00e9e de transport. Dimensions : larg. 45 x prof. 35 x haut. 7 \u00e0 11 cm. Poids 650 gr.<\/p>\n","protected":false},"excerpt":{"rendered":"<ul>\n<li>Forme anatomique<\/li>\n<li>Coussin tr\u00e8s ferme<\/li>\n<li>R\u00e9partition des poids parfaite<\/li>\n<\/ul>\n","protected":false},"featured_media":854,"comment_status":"open","ping_status":"closed","template":"","meta":[],"product_brand":[],"product_cat":[103],"product_tag":[],"distributeur-exclusif":[],"marques":[],"class_list":{"0":"post-860","1":"product","2":"type-product","3":"status-publish","4":"has-post-thumbnail","6":"product_cat-non-classe-fr","7":"_wholesalex wsx-wholesalex-product","9":"first","10":"instock","11":"taxable","12":"shipping-taxable","13":"purchasable","14":"product-type-simple"},"yoast_head":"<!-- This site is optimized with the Yoast SEO plugin v25.2 - https:\/\/yoast.com\/wordpress\/plugins\/seo\/ -->\n<title>COUSSIN D\u2019ASSISE D\u00c9COUPE SACRUM - Kalfon Medical Distribution<\/title>\n<meta name=\"robots\" content=\"index, follow, max-snippet:-1, max-image-preview:large, max-video-preview:-1\" \/>\n<link rel=\"canonical\" href=\"https:\/\/www.kalfon2.awebdesign4u.com\/fr\/produit\/coussin-dassise-decoupe-sacrum\/\" \/>\n<meta property=\"og:locale\" content=\"fr_FR\" \/>\n<meta property=\"og:type\" content=\"article\" \/>\n<meta property=\"og:title\" content=\"COUSSIN D\u2019ASSISE D\u00c9COUPE SACRUM - Kalfon Medical Distribution\" \/>\n<meta property=\"og:description\" content=\"Forme anatomique  Coussin tr\u00e8s ferme  R\u00e9partition des poids parfaite\" \/>\n<meta property=\"og:url\" content=\"https:\/\/www.kalfon2.awebdesign4u.com\/fr\/produit\/coussin-dassise-decoupe-sacrum\/\" \/>\n<meta property=\"og:site_name\" content=\"Kalfon Medical Distribution\" \/>\n<meta property=\"og:image\" content=\"https:\/\/www.kalfon2.awebdesign4u.com\/wp-content\/uploads\/2024\/06\/coussin-assise-decoupe-sacrum-855179.jpg\" \/>\n\t<meta property=\"og:image:width\" content=\"800\" \/>\n\t<meta property=\"og:image:height\" content=\"800\" \/>\n\t<meta property=\"og:image:type\" content=\"image\/jpeg\" \/>\n<meta name=\"twitter:card\" content=\"summary_large_image\" \/>\n<meta name=\"twitter:label1\" content=\"Dur\u00e9e de lecture estim\u00e9e\" \/>\n\t<meta name=\"twitter:data1\" content=\"1 minute\" \/>\n<script type=\"application\/ld+json\" class=\"yoast-schema-graph\">{\"@context\":\"https:\/\/schema.org\",\"@graph\":[{\"@type\":\"WebPage\",\"@id\":\"https:\/\/www.kalfon2.awebdesign4u.com\/fr\/produit\/coussin-dassise-decoupe-sacrum\/\",\"url\":\"https:\/\/www.kalfon2.awebdesign4u.com\/fr\/produit\/coussin-dassise-decoupe-sacrum\/\",\"name\":\"COUSSIN D\u2019ASSISE D\u00c9COUPE SACRUM - Kalfon Medical Distribution\",\"isPartOf\":{\"@id\":\"http:\/\/www.kalfon-medical.co.il\/#website\"},\"primaryImageOfPage\":{\"@id\":\"https:\/\/www.kalfon2.awebdesign4u.com\/fr\/produit\/coussin-dassise-decoupe-sacrum\/#primaryimage\"},\"image\":{\"@id\":\"https:\/\/www.kalfon2.awebdesign4u.com\/fr\/produit\/coussin-dassise-decoupe-sacrum\/#primaryimage\"},\"thumbnailUrl\":\"https:\/\/www.kalfon2.awebdesign4u.com\/wp-content\/uploads\/2024\/06\/coussin-assise-decoupe-sacrum-855179.jpg\",\"datePublished\":\"2024-06-03T14:28:18+00:00\",\"breadcrumb\":{\"@id\":\"https:\/\/www.kalfon2.awebdesign4u.com\/fr\/produit\/coussin-dassise-decoupe-sacrum\/#breadcrumb\"},\"inLanguage\":\"fr-FR\",\"potentialAction\":[{\"@type\":\"ReadAction\",\"target\":[\"https:\/\/www.kalfon2.awebdesign4u.com\/fr\/produit\/coussin-dassise-decoupe-sacrum\/\"]}]},{\"@type\":\"ImageObject\",\"inLanguage\":\"fr-FR\",\"@id\":\"https:\/\/www.kalfon2.awebdesign4u.com\/fr\/produit\/coussin-dassise-decoupe-sacrum\/#primaryimage\",\"url\":\"https:\/\/www.kalfon2.awebdesign4u.com\/wp-content\/uploads\/2024\/06\/coussin-assise-decoupe-sacrum-855179.jpg\",\"contentUrl\":\"https:\/\/www.kalfon2.awebdesign4u.com\/wp-content\/uploads\/2024\/06\/coussin-assise-decoupe-sacrum-855179.jpg\",\"width\":800,\"height\":800},{\"@type\":\"BreadcrumbList\",\"@id\":\"https:\/\/www.kalfon2.awebdesign4u.com\/fr\/produit\/coussin-dassise-decoupe-sacrum\/#breadcrumb\",\"itemListElement\":[{\"@type\":\"ListItem\",\"position\":1,\"name\":\"Home\",\"item\":\"https:\/\/www.kalfon-medical.co.il\/fr\/\"},{\"@type\":\"ListItem\",\"position\":2,\"name\":\"Boutique\",\"item\":\"https:\/\/www.kalfon-medical.co.il\/fr\/boutique\/\"},{\"@type\":\"ListItem\",\"position\":3,\"name\":\"COUSSIN D\u2019ASSISE D\u00c9COUPE SACRUM\"}]},{\"@type\":\"WebSite\",\"@id\":\"http:\/\/www.kalfon-medical.co.il\/#website\",\"url\":\"http:\/\/www.kalfon-medical.co.il\/\",\"name\":\"Kalfon Medical Distribution\",\"description\":\"Un site utilisant WordPress\",\"potentialAction\":[{\"@type\":\"SearchAction\",\"target\":{\"@type\":\"EntryPoint\",\"urlTemplate\":\"http:\/\/www.kalfon-medical.co.il\/?s={search_term_string}\"},\"query-input\":{\"@type\":\"PropertyValueSpecification\",\"valueRequired\":true,\"valueName\":\"search_term_string\"}}],\"inLanguage\":\"fr-FR\"}]}<\/script>\n<!-- \/ Yoast SEO plugin. -->","yoast_head_json":{"title":"COUSSIN D\u2019ASSISE D\u00c9COUPE SACRUM - Kalfon Medical Distribution","robots":{"index":"index","follow":"follow","max-snippet":"max-snippet:-1","max-image-preview":"max-image-preview:large","max-video-preview":"max-video-preview:-1"},"canonical":"https:\/\/www.kalfon2.awebdesign4u.com\/fr\/produit\/coussin-dassise-decoupe-sacrum\/","og_locale":"fr_FR","og_type":"article","og_title":"COUSSIN D\u2019ASSISE D\u00c9COUPE SACRUM - Kalfon Medical Distribution","og_description":"Forme anatomique  Coussin tr\u00e8s ferme  R\u00e9partition des poids parfaite","og_url":"https:\/\/www.kalfon2.awebdesign4u.com\/fr\/produit\/coussin-dassise-decoupe-sacrum\/","og_site_name":"Kalfon Medical Distribution","og_image":[{"width":800,"height":800,"url":"https:\/\/www.kalfon2.awebdesign4u.com\/wp-content\/uploads\/2024\/06\/coussin-assise-decoupe-sacrum-855179.jpg","type":"image\/jpeg"}],"twitter_card":"summary_large_image","twitter_misc":{"Dur\u00e9e de lecture estim\u00e9e":"1 minute"},"schema":{"@context":"https:\/\/schema.org","@graph":[{"@type":"WebPage","@id":"https:\/\/www.kalfon2.awebdesign4u.com\/fr\/produit\/coussin-dassise-decoupe-sacrum\/","url":"https:\/\/www.kalfon2.awebdesign4u.com\/fr\/produit\/coussin-dassise-decoupe-sacrum\/","name":"COUSSIN D\u2019ASSISE D\u00c9COUPE SACRUM - Kalfon Medical Distribution","isPartOf":{"@id":"http:\/\/www.kalfon-medical.co.il\/#website"},"primaryImageOfPage":{"@id":"https:\/\/www.kalfon2.awebdesign4u.com\/fr\/produit\/coussin-dassise-decoupe-sacrum\/#primaryimage"},"image":{"@id":"https:\/\/www.kalfon2.awebdesign4u.com\/fr\/produit\/coussin-dassise-decoupe-sacrum\/#primaryimage"},"thumbnailUrl":"https:\/\/www.kalfon2.awebdesign4u.com\/wp-content\/uploads\/2024\/06\/coussin-assise-decoupe-sacrum-855179.jpg","datePublished":"2024-06-03T14:28:18+00:00","breadcrumb":{"@id":"https:\/\/www.kalfon2.awebdesign4u.com\/fr\/produit\/coussin-dassise-decoupe-sacrum\/#breadcrumb"},"inLanguage":"fr-FR","potentialAction":[{"@type":"ReadAction","target":["https:\/\/www.kalfon2.awebdesign4u.com\/fr\/produit\/coussin-dassise-decoupe-sacrum\/"]}]},{"@type":"ImageObject","inLanguage":"fr-FR","@id":"https:\/\/www.kalfon2.awebdesign4u.com\/fr\/produit\/coussin-dassise-decoupe-sacrum\/#primaryimage","url":"https:\/\/www.kalfon2.awebdesign4u.com\/wp-content\/uploads\/2024\/06\/coussin-assise-decoupe-sacrum-855179.jpg","contentUrl":"https:\/\/www.kalfon2.awebdesign4u.com\/wp-content\/uploads\/2024\/06\/coussin-assise-decoupe-sacrum-855179.jpg","width":800,"height":800},{"@type":"BreadcrumbList","@id":"https:\/\/www.kalfon2.awebdesign4u.com\/fr\/produit\/coussin-dassise-decoupe-sacrum\/#breadcrumb","itemListElement":[{"@type":"ListItem","position":1,"name":"Home","item":"https:\/\/www.kalfon-medical.co.il\/fr\/"},{"@type":"ListItem","position":2,"name":"Boutique","item":"https:\/\/www.kalfon-medical.co.il\/fr\/boutique\/"},{"@type":"ListItem","position":3,"name":"COUSSIN D\u2019ASSISE D\u00c9COUPE SACRUM"}]},{"@type":"WebSite","@id":"http:\/\/www.kalfon-medical.co.il\/#website","url":"http:\/\/www.kalfon-medical.co.il\/","name":"Kalfon Medical Distribution","description":"Un site utilisant WordPress","potentialAction":[{"@type":"SearchAction","target":{"@type":"EntryPoint","urlTemplate":"http:\/\/www.kalfon-medical.co.il\/?s={search_term_string}"},"query-input":{"@type":"PropertyValueSpecification","valueRequired":true,"valueName":"search_term_string"}}],"inLanguage":"fr-FR"}]}},"_links":{"self":[{"href":"https:\/\/www.kalfon2.awebdesign4u.com\/fr\/wp-json\/wp\/v2\/product\/860","targetHints":{"allow":["GET"]}}],"collection":[{"href":"https:\/\/www.kalfon2.awebdesign4u.com\/fr\/wp-json\/wp\/v2\/product"}],"about":[{"href":"https:\/\/www.kalfon2.awebdesign4u.com\/fr\/wp-json\/wp\/v2\/types\/product"}],"replies":[{"embeddable":true,"href":"https:\/\/www.kalfon2.awebdesign4u.com\/fr\/wp-json\/wp\/v2\/comments?post=860"}],"version-history":[{"count":0,"href":"https:\/\/www.kalfon2.awebdesign4u.com\/fr\/wp-json\/wp\/v2\/product\/860\/revisions"}],"wp:featuredmedia":[{"embeddable":true,"href":"https:\/\/www.kalfon2.awebdesign4u.com\/fr\/wp-json\/wp\/v2\/media\/854"}],"wp:attachment":[{"href":"https:\/\/www.kalfon2.awebdesign4u.com\/fr\/wp-json\/wp\/v2\/media?parent=860"}],"wp:term":[{"taxonomy":"product_brand","embeddable":true,"href":"https:\/\/www.kalfon2.awebdesign4u.com\/fr\/wp-json\/wp\/v2\/product_brand?post=860"},{"taxonomy":"product_cat","embeddable":true,"href":"https:\/\/www.kalfon2.awebdesign4u.com\/fr\/wp-json\/wp\/v2\/product_cat?post=860"},{"taxonomy":"product_tag","embeddable":true,"href":"https:\/\/www.kalfon2.awebdesign4u.com\/fr\/wp-json\/wp\/v2\/product_tag?post=860"},{"taxonomy":"distributeur-exclusif","embeddable":true,"href":"https:\/\/www.kalfon2.awebdesign4u.com\/fr\/wp-json\/wp\/v2\/distributeur-exclusif?post=860"},{"taxonomy":"marques","embeddable":true,"href":"https:\/\/www.kalfon2.awebdesign4u.com\/fr\/wp-json\/wp\/v2\/marques?post=860"}],"curies":[{"name":"wp","href":"https:\/\/api.w.org\/{rel}","templated":true}]}}