{"id":932,"date":"2024-06-03T20:31:15","date_gmt":"2024-06-03T18:31:15","guid":{"rendered":"https:\/\/medical2.awebdesign4u.com\/produit\/attelle-de-poignet-neoactiv\/"},"modified":"2024-06-03T20:31:15","modified_gmt":"2024-06-03T18:31:15","slug":"attelle-de-poignet-neoactiv","status":"publish","type":"product","link":"https:\/\/www.kalfon2.awebdesign4u.com\/fr\/produit\/attelle-de-poignet-neoactiv\/","title":{"rendered":"ATTELLE DE POIGNET NEOACTIV"},"content":{"rendered":"<p>Attelle poignet pouce qui permet de soutenir les articulations du poignet, de maintenir le pouce dans une position antalgique et oppos\u00e9e aux autres doigts. Attelle de poignet qui agit par compression et par la chaleur du mat\u00e9riau. R\u00e9glage facile avec velcro. Taille unique et ambidextre.<\/p>\n","protected":false},"excerpt":{"rendered":"<ul>\n<li>Attelle soutenant les articulations du poignet et maintenant le pouce dans une position antalgique et oppos\u00e9e aux autres doigts<\/li>\n<\/ul>\n","protected":false},"featured_media":930,"comment_status":"open","ping_status":"closed","template":"","meta":[],"product_brand":[],"product_cat":[74,187],"product_tag":[],"distributeur-exclusif":[],"marques":[],"class_list":{"0":"post-932","1":"product","2":"type-product","3":"status-publish","4":"has-post-thumbnail","6":"product_cat-orthopedie","7":"product_cat-poignet","8":"_wholesalex wsx-wholesalex-product","10":"first","11":"instock","12":"taxable","13":"shipping-taxable","14":"purchasable","15":"product-type-simple"},"yoast_head":"<!-- This site is optimized with the Yoast SEO plugin v25.2 - https:\/\/yoast.com\/wordpress\/plugins\/seo\/ -->\n<title>ATTELLE DE POIGNET NEOACTIV - Kalfon Medical Distribution<\/title>\n<meta name=\"robots\" content=\"index, follow, max-snippet:-1, max-image-preview:large, max-video-preview:-1\" \/>\n<link rel=\"canonical\" href=\"https:\/\/www.kalfon2.awebdesign4u.com\/fr\/produit\/attelle-de-poignet-neoactiv\/\" \/>\n<meta property=\"og:locale\" content=\"fr_FR\" \/>\n<meta property=\"og:type\" content=\"article\" \/>\n<meta property=\"og:title\" content=\"ATTELLE DE POIGNET NEOACTIV - Kalfon Medical Distribution\" \/>\n<meta property=\"og:description\" content=\"Attelle soutenant les articulations du poignet et maintenant le pouce dans une position antalgique et oppos\u00e9e aux autres doigts\" \/>\n<meta property=\"og:url\" content=\"https:\/\/www.kalfon2.awebdesign4u.com\/fr\/produit\/attelle-de-poignet-neoactiv\/\" \/>\n<meta property=\"og:site_name\" content=\"Kalfon Medical Distribution\" \/>\n<meta property=\"og:image\" content=\"https:\/\/www.kalfon2.awebdesign4u.com\/wp-content\/uploads\/2024\/06\/attelle-poignet-neoactiv-noire-829103.jpg\" \/>\n\t<meta property=\"og:image:width\" content=\"800\" \/>\n\t<meta property=\"og:image:height\" content=\"800\" \/>\n\t<meta property=\"og:image:type\" content=\"image\/jpeg\" \/>\n<meta name=\"twitter:card\" content=\"summary_large_image\" \/>\n<script type=\"application\/ld+json\" class=\"yoast-schema-graph\">{\"@context\":\"https:\/\/schema.org\",\"@graph\":[{\"@type\":\"WebPage\",\"@id\":\"https:\/\/www.kalfon2.awebdesign4u.com\/fr\/produit\/attelle-de-poignet-neoactiv\/\",\"url\":\"https:\/\/www.kalfon2.awebdesign4u.com\/fr\/produit\/attelle-de-poignet-neoactiv\/\",\"name\":\"ATTELLE DE POIGNET NEOACTIV - Kalfon Medical Distribution\",\"isPartOf\":{\"@id\":\"http:\/\/www.kalfon-medical.co.il\/#website\"},\"primaryImageOfPage\":{\"@id\":\"https:\/\/www.kalfon2.awebdesign4u.com\/fr\/produit\/attelle-de-poignet-neoactiv\/#primaryimage\"},\"image\":{\"@id\":\"https:\/\/www.kalfon2.awebdesign4u.com\/fr\/produit\/attelle-de-poignet-neoactiv\/#primaryimage\"},\"thumbnailUrl\":\"https:\/\/www.kalfon2.awebdesign4u.com\/wp-content\/uploads\/2024\/06\/attelle-poignet-neoactiv-noire-829103.jpg\",\"datePublished\":\"2024-06-03T18:31:15+00:00\",\"breadcrumb\":{\"@id\":\"https:\/\/www.kalfon2.awebdesign4u.com\/fr\/produit\/attelle-de-poignet-neoactiv\/#breadcrumb\"},\"inLanguage\":\"fr-FR\",\"potentialAction\":[{\"@type\":\"ReadAction\",\"target\":[\"https:\/\/www.kalfon2.awebdesign4u.com\/fr\/produit\/attelle-de-poignet-neoactiv\/\"]}]},{\"@type\":\"ImageObject\",\"inLanguage\":\"fr-FR\",\"@id\":\"https:\/\/www.kalfon2.awebdesign4u.com\/fr\/produit\/attelle-de-poignet-neoactiv\/#primaryimage\",\"url\":\"https:\/\/www.kalfon2.awebdesign4u.com\/wp-content\/uploads\/2024\/06\/attelle-poignet-neoactiv-noire-829103.jpg\",\"contentUrl\":\"https:\/\/www.kalfon2.awebdesign4u.com\/wp-content\/uploads\/2024\/06\/attelle-poignet-neoactiv-noire-829103.jpg\",\"width\":800,\"height\":800},{\"@type\":\"BreadcrumbList\",\"@id\":\"https:\/\/www.kalfon2.awebdesign4u.com\/fr\/produit\/attelle-de-poignet-neoactiv\/#breadcrumb\",\"itemListElement\":[{\"@type\":\"ListItem\",\"position\":1,\"name\":\"Home\",\"item\":\"https:\/\/www.kalfon-medical.co.il\/fr\/\"},{\"@type\":\"ListItem\",\"position\":2,\"name\":\"Boutique\",\"item\":\"https:\/\/www.kalfon-medical.co.il\/fr\/boutique\/\"},{\"@type\":\"ListItem\",\"position\":3,\"name\":\"ATTELLE DE POIGNET NEOACTIV\"}]},{\"@type\":\"WebSite\",\"@id\":\"http:\/\/www.kalfon-medical.co.il\/#website\",\"url\":\"http:\/\/www.kalfon-medical.co.il\/\",\"name\":\"Kalfon Medical Distribution\",\"description\":\"Un site utilisant WordPress\",\"potentialAction\":[{\"@type\":\"SearchAction\",\"target\":{\"@type\":\"EntryPoint\",\"urlTemplate\":\"http:\/\/www.kalfon-medical.co.il\/?s={search_term_string}\"},\"query-input\":{\"@type\":\"PropertyValueSpecification\",\"valueRequired\":true,\"valueName\":\"search_term_string\"}}],\"inLanguage\":\"fr-FR\"}]}<\/script>\n<!-- \/ Yoast SEO plugin. -->","yoast_head_json":{"title":"ATTELLE DE POIGNET NEOACTIV - Kalfon Medical Distribution","robots":{"index":"index","follow":"follow","max-snippet":"max-snippet:-1","max-image-preview":"max-image-preview:large","max-video-preview":"max-video-preview:-1"},"canonical":"https:\/\/www.kalfon2.awebdesign4u.com\/fr\/produit\/attelle-de-poignet-neoactiv\/","og_locale":"fr_FR","og_type":"article","og_title":"ATTELLE DE POIGNET NEOACTIV - Kalfon Medical Distribution","og_description":"Attelle soutenant les articulations du poignet et maintenant le pouce dans une position antalgique et oppos\u00e9e aux autres doigts","og_url":"https:\/\/www.kalfon2.awebdesign4u.com\/fr\/produit\/attelle-de-poignet-neoactiv\/","og_site_name":"Kalfon Medical Distribution","og_image":[{"width":800,"height":800,"url":"https:\/\/www.kalfon2.awebdesign4u.com\/wp-content\/uploads\/2024\/06\/attelle-poignet-neoactiv-noire-829103.jpg","type":"image\/jpeg"}],"twitter_card":"summary_large_image","schema":{"@context":"https:\/\/schema.org","@graph":[{"@type":"WebPage","@id":"https:\/\/www.kalfon2.awebdesign4u.com\/fr\/produit\/attelle-de-poignet-neoactiv\/","url":"https:\/\/www.kalfon2.awebdesign4u.com\/fr\/produit\/attelle-de-poignet-neoactiv\/","name":"ATTELLE DE POIGNET NEOACTIV - Kalfon Medical Distribution","isPartOf":{"@id":"http:\/\/www.kalfon-medical.co.il\/#website"},"primaryImageOfPage":{"@id":"https:\/\/www.kalfon2.awebdesign4u.com\/fr\/produit\/attelle-de-poignet-neoactiv\/#primaryimage"},"image":{"@id":"https:\/\/www.kalfon2.awebdesign4u.com\/fr\/produit\/attelle-de-poignet-neoactiv\/#primaryimage"},"thumbnailUrl":"https:\/\/www.kalfon2.awebdesign4u.com\/wp-content\/uploads\/2024\/06\/attelle-poignet-neoactiv-noire-829103.jpg","datePublished":"2024-06-03T18:31:15+00:00","breadcrumb":{"@id":"https:\/\/www.kalfon2.awebdesign4u.com\/fr\/produit\/attelle-de-poignet-neoactiv\/#breadcrumb"},"inLanguage":"fr-FR","potentialAction":[{"@type":"ReadAction","target":["https:\/\/www.kalfon2.awebdesign4u.com\/fr\/produit\/attelle-de-poignet-neoactiv\/"]}]},{"@type":"ImageObject","inLanguage":"fr-FR","@id":"https:\/\/www.kalfon2.awebdesign4u.com\/fr\/produit\/attelle-de-poignet-neoactiv\/#primaryimage","url":"https:\/\/www.kalfon2.awebdesign4u.com\/wp-content\/uploads\/2024\/06\/attelle-poignet-neoactiv-noire-829103.jpg","contentUrl":"https:\/\/www.kalfon2.awebdesign4u.com\/wp-content\/uploads\/2024\/06\/attelle-poignet-neoactiv-noire-829103.jpg","width":800,"height":800},{"@type":"BreadcrumbList","@id":"https:\/\/www.kalfon2.awebdesign4u.com\/fr\/produit\/attelle-de-poignet-neoactiv\/#breadcrumb","itemListElement":[{"@type":"ListItem","position":1,"name":"Home","item":"https:\/\/www.kalfon-medical.co.il\/fr\/"},{"@type":"ListItem","position":2,"name":"Boutique","item":"https:\/\/www.kalfon-medical.co.il\/fr\/boutique\/"},{"@type":"ListItem","position":3,"name":"ATTELLE DE POIGNET NEOACTIV"}]},{"@type":"WebSite","@id":"http:\/\/www.kalfon-medical.co.il\/#website","url":"http:\/\/www.kalfon-medical.co.il\/","name":"Kalfon Medical Distribution","description":"Un site utilisant WordPress","potentialAction":[{"@type":"SearchAction","target":{"@type":"EntryPoint","urlTemplate":"http:\/\/www.kalfon-medical.co.il\/?s={search_term_string}"},"query-input":{"@type":"PropertyValueSpecification","valueRequired":true,"valueName":"search_term_string"}}],"inLanguage":"fr-FR"}]}},"_links":{"self":[{"href":"https:\/\/www.kalfon2.awebdesign4u.com\/fr\/wp-json\/wp\/v2\/product\/932","targetHints":{"allow":["GET"]}}],"collection":[{"href":"https:\/\/www.kalfon2.awebdesign4u.com\/fr\/wp-json\/wp\/v2\/product"}],"about":[{"href":"https:\/\/www.kalfon2.awebdesign4u.com\/fr\/wp-json\/wp\/v2\/types\/product"}],"replies":[{"embeddable":true,"href":"https:\/\/www.kalfon2.awebdesign4u.com\/fr\/wp-json\/wp\/v2\/comments?post=932"}],"version-history":[{"count":0,"href":"https:\/\/www.kalfon2.awebdesign4u.com\/fr\/wp-json\/wp\/v2\/product\/932\/revisions"}],"wp:featuredmedia":[{"embeddable":true,"href":"https:\/\/www.kalfon2.awebdesign4u.com\/fr\/wp-json\/wp\/v2\/media\/930"}],"wp:attachment":[{"href":"https:\/\/www.kalfon2.awebdesign4u.com\/fr\/wp-json\/wp\/v2\/media?parent=932"}],"wp:term":[{"taxonomy":"product_brand","embeddable":true,"href":"https:\/\/www.kalfon2.awebdesign4u.com\/fr\/wp-json\/wp\/v2\/product_brand?post=932"},{"taxonomy":"product_cat","embeddable":true,"href":"https:\/\/www.kalfon2.awebdesign4u.com\/fr\/wp-json\/wp\/v2\/product_cat?post=932"},{"taxonomy":"product_tag","embeddable":true,"href":"https:\/\/www.kalfon2.awebdesign4u.com\/fr\/wp-json\/wp\/v2\/product_tag?post=932"},{"taxonomy":"distributeur-exclusif","embeddable":true,"href":"https:\/\/www.kalfon2.awebdesign4u.com\/fr\/wp-json\/wp\/v2\/distributeur-exclusif?post=932"},{"taxonomy":"marques","embeddable":true,"href":"https:\/\/www.kalfon2.awebdesign4u.com\/fr\/wp-json\/wp\/v2\/marques?post=932"}],"curies":[{"name":"wp","href":"https:\/\/api.w.org\/{rel}","templated":true}]}}